{"id":1658,"date":"2025-08-08T03:24:25","date_gmt":"2025-08-08T03:24:25","guid":{"rendered":"https:\/\/24smartcharge.com\/?post_type=product&#038;p=1658"},"modified":"2025-08-15T10:17:55","modified_gmt":"2025-08-15T10:17:55","slug":"secure-multi-device-charging-cabinet-for-tablets","status":"publish","type":"product","link":"https:\/\/24smartcharge.com\/de\/secure-multi-device-charging-cabinet-for-tablets\/","title":{"rendered":"Sicherer Multi-Device-Ladeschrank f\u00fcr Tablets"},"content":{"rendered":"<h1 id=\"secure-multi-device-charging-cabinet-for-tablets\">Sicherer Multi-Device-Ladeschrank f\u00fcr Tablets<\/h1>\n<p>Die\u00a0<strong>Sicherer Multi-Device-Ladeschrank f\u00fcr Tablets<\/strong>\u00a0ist eine kompakte, effiziente und hochsichere L\u00f6sung zum Laden, Aufbewahren und Sch\u00fctzen mehrerer Tablets oder Handheld-Ger\u00e4te an einem zentralen Ort. Dieser Ladeschrank wurde f\u00fcr Bildungseinrichtungen, B\u00fcros, Einrichtungen des Gesundheitswesens und alle Umgebungen entwickelt, in denen Tablets Teil des t\u00e4glichen Betriebs sind. Er bietet ein ausgewogenes Verh\u00e4ltnis zwischen platzsparendem Design, schneller Ladefunktion und robuster Sicherheit.<\/p>\n<h2 id=\"-overview-\"><strong>\u00dcbersicht<\/strong><\/h2>\n<p>Die Verwaltung mehrerer Ger\u00e4te kann eine logistische Herausforderung sein. Das Secure Multi-Device Charging Cabinet f\u00fcr Tablets wurde entwickelt, um diesen Prozess einfach, sicher und platzsparend zu gestalten. Dieser Schrank kann bis zu 8 Tablets gleichzeitig aufladen und bietet organisierte Aufbewahrung, integrierte Sicherheit und Hochgeschwindigkeitsaufladung - und das alles bei minimalem Platzbedarf. Ob an der Wand montiert oder auf einer Arbeitsplatte aufgestellt, verwandelt er jeden Bereich in einen sicheren Knotenpunkt f\u00fcr die Ger\u00e4teverwaltung.<\/p>\n<h2 id=\"-key-features-\"><strong>Wesentliche Merkmale<\/strong><\/h2>\n<h3 id=\"-1-tablet-and-handheld-device-compatibility-\"><strong>1. Kompatibilit\u00e4t von Tablets und Handheld-Ger\u00e4ten<\/strong><\/h3>\n<p>Dieser Ladeschrank unterst\u00fctzt eine Vielzahl von Lightning-f\u00e4higen Tablets, einschlie\u00dflich iPads, mit oder ohne Schutzh\u00fclle. Die verstellbaren F\u00e4cher passen sich an verschiedene Ger\u00e4tegr\u00f6\u00dfen an und gew\u00e4hrleisten so Flexibilit\u00e4t f\u00fcr unterschiedliche Benutzeranforderungen. Die Ladesch\u00e4chte sind mit vorinstallierten Kabeln \u00fcbersichtlich angeordnet, sodass die Ger\u00e4te ohne Kabelsalat einfach eingesteckt und aufgeladen werden k\u00f6nnen.<\/p>\n<h3 id=\"-2-small-footprint-maximum-efficiency-\"><strong>2. Kleine Stellfl\u00e4che, maximale Effizienz<\/strong><\/h3>\n<p>Das Charging Cabinet kann platzsparend an der Wand montiert oder auf einer Oberfl\u00e4che aufgestellt werden. Es verwandelt jede Wand oder Arbeitsplatte in eine sichere Ladestation, ohne \u00fcberm\u00e4\u00dfig viel Platz zu beanspruchen. Dank seiner kompakten Form eignet er sich perfekt f\u00fcr Umgebungen, in denen nur wenig Platz zur Verf\u00fcgung steht, z. B. in Klassenzimmern, Personalr\u00e4umen oder Empfangsbereichen.<\/p>\n<h3 id=\"-3-ultra-secure-locking-system-\"><strong>3. Ultra-sicheres Verschlusssystem<\/strong><\/h3>\n<p>Sicherheit hat h\u00f6chste Priorit\u00e4t. Der Ladeschrank ist mit einem integrierten Kombinationsvorh\u00e4ngeschloss ausgestattet, das die Verwendung von Schl\u00fcsseln \u00fcberfl\u00fcssig macht und gleichzeitig einen starken Diebstahlschutz bietet. Die Ger\u00e4te werden in einem abgeschlossenen Fach aufbewahrt, um Ihre Investition vor unbefugtem Zugriff zu sch\u00fctzen. Die robuste Stahlkonstruktion sorgt f\u00fcr zus\u00e4tzliche Haltbarkeit und Schutz.<\/p>\n<h3 id=\"-4-affordable-without-compromise-\"><strong>4. Erschwinglich und kompromisslos<\/strong><\/h3>\n<p>Qualit\u00e4t und Sicherheit m\u00fcssen nicht mit einem hohen Preis verbunden sein. Dieser Ladeschrank bietet eine budgetfreundliche L\u00f6sung, ohne dass auf die Qualit\u00e4t der Verarbeitung oder wichtige Funktionen verzichtet werden muss. Er ist die ideale Wahl f\u00fcr Unternehmen, die ein effizientes Ger\u00e4temanagement ben\u00f6tigen und dabei ihr Budget nicht \u00fcberschreiten wollen.<\/p>\n<h3 id=\"-5-efficient-2-4a-charging-for-every-slot-\"><strong>5. Effiziente 2,4A-Ladung f\u00fcr jeden Steckplatz<\/strong><\/h3>\n<p>Jeder Ladeanschluss liefert bis zu 2,4 Ampere, so dass alle Ger\u00e4te schnell und effizient aufgeladen werden k\u00f6nnen - selbst wenn alle 8 Sch\u00e4chte in Gebrauch sind. So ist sichergestellt, dass Ihre Tablets einsatzbereit sind, wenn Sie sie brauchen, was Ausfallzeiten reduziert und die Produktivit\u00e4t erh\u00f6ht.<\/p>\n<h3 id=\"-6-robust-warranty-and-support-\"><strong>6. Robuste Garantie und Unterst\u00fctzung<\/strong><\/h3>\n<p>Damit Sie sich keine Sorgen machen m\u00fcssen, wird das Charging Cabinet mit einer starken Garantie geliefert, die von einem engagierten Kundendienstteam unterst\u00fctzt wird. Bei technischen Problemen oder Fragen zum Produkt steht Ihnen jederzeit Hilfe zur Verf\u00fcgung.<\/p>\n<h2 id=\"-design-build-quality-\"><strong>Design und Bauqualit\u00e4t<\/strong><\/h2>\n<p>Das Charging Cabinet zeichnet sich durch ein schlankes, modernes Design und ein robustes Metallgeh\u00e4use aus. Die Frontplatte hat ein perforiertes Muster zur Bel\u00fcftung, damit die Ger\u00e4te w\u00e4hrend des Ladevorgangs k\u00fchl bleiben. Ein intuitives Steckplatznummerierungssystem hilft den Benutzern, die ihnen zugewiesenen Ger\u00e4te schnell zu identifizieren und wiederzufinden. Die gr\u00fcnen und roten Statusanzeigen helfen dabei, die Ger\u00e4teplatzierung zu verfolgen.<\/p>\n<p>Das Innere ist gut organisiert und die festen Ladekabel werden ordentlich durch jeden Schlitz gef\u00fchrt. Dies verhindert ein Verheddern, h\u00e4lt die Kabel an ihrem Platz und sorgt f\u00fcr ein sauberes, professionelles Aussehen.<\/p>\n<h2 id=\"-practical-applications-\"><strong>Praktische Anwendungen<\/strong><\/h2>\n<ul>\n<li><strong>Bildung:<\/strong>\u00a0Sorgt daf\u00fcr, dass die Tablets der Sch\u00fcler sicher, aufgeladen und f\u00fcr den Unterricht bereit sind, wodurch Ausfallzeiten reduziert und Ger\u00e4teverluste verhindert werden.<\/li>\n<li><strong>Business &amp; Unternehmen:<\/strong>\u00a0Stellt sicher, dass Tablets, die f\u00fcr Pr\u00e4sentationen, Kundenkontakte oder den t\u00e4glichen Betrieb verwendet werden, immer mit Strom versorgt werden.<\/li>\n<li><strong>Gesundheitswesen:<\/strong>\u00a0Bietet eine sichere und hygienische Aufbewahrungsl\u00f6sung f\u00fcr Tabletten, die in der Patientenversorgung, -verwaltung oder -diagnostik verwendet werden.<\/li>\n<li><strong>Gastfreundschaft:<\/strong>\u00a0Perfekt f\u00fcr Hotels, Restaurants oder Konferenzzentren, die Tablets zur Nutzung durch G\u00e4ste oder f\u00fcr den Betrieb anbieten.<\/li>\n<li><strong>Einzelhandel:<\/strong>\u00a0H\u00e4lt die POS-Tablets w\u00e4hrend der Gesch\u00e4ftszeiten geladen und einsatzbereit.<\/li>\n<\/ul>\n<h2 id=\"-benefits-at-a-glance-\"><strong>Vorteile auf einen Blick<\/strong><\/h2>\n<ol>\n<li><strong>Organisierte Lagerung<\/strong>\u00a0- Dank der \u00fcbersichtlichen F\u00e4cher mit beschrifteten Einsch\u00fcben lassen sich die Ger\u00e4te leicht auffinden.<\/li>\n<li><strong>Schnelles Aufladen<\/strong>\u00a0- 2,4 A pro Anschluss f\u00fcr gleichzeitiges, effizientes Laden.<\/li>\n<li><strong>Hohe Sicherheit<\/strong>\u00a0- Das Kombinationsschloss und die robuste Konstruktion sch\u00fctzen vor Diebstahl.<\/li>\n<li><strong>Kompakte Gr\u00f6\u00dfe<\/strong>\u00a0- Passt problemlos auf die Theke oder l\u00e4sst sich platzsparend an der Wand befestigen.<\/li>\n<li><strong>Vielseitige Kompatibilit\u00e4t<\/strong>\u00a0- Funktioniert mit verschiedenen Lightning-f\u00e4higen Ger\u00e4ten.<\/li>\n<li><strong>Kabelmanagement<\/strong>\u00a0- Die integrierte Kabelf\u00fchrung sorgt f\u00fcr ein aufger\u00e4umtes Innenleben.<\/li>\n<\/ol>\n<h2 id=\"-why-choose-this-charging-cabinet-\"><strong>Warum sollten Sie sich f\u00fcr diese Ladeschr\u00e4nke entscheiden?<\/strong><\/h2>\n<p>In Umgebungen, in denen es auf Zeit, Ger\u00e4tesicherheit und Effizienz ankommt, bietet das Secure Multi-Device Charging Cabinet for Tablets eine Komplettl\u00f6sung. Er minimiert den Aufwand f\u00fcr die Verwaltung mehrerer Ladeger\u00e4te und Steckdosen und sch\u00fctzt gleichzeitig Ihre Ger\u00e4te. Sein benutzerfreundliches Design gew\u00e4hrleistet bei Bedarf einen einfachen Zugriff und eine sichere Aufbewahrung, wenn es nicht gebraucht wird.<\/p>\n<p>F\u00fcr Institutionen und Unternehmen, die t\u00e4glich auf Tablets angewiesen sind, bietet dieser Ladeschrank Zuverl\u00e4ssigkeit, Schnelligkeit und Sicherheit - eine wichtige Investition f\u00fcr eine optimierte Ger\u00e4teverwaltung.<\/p>","protected":false},"excerpt":{"rendered":"<p>Das Secure Multi-Device Charging Cabinet f\u00fcr Tablets bietet organisiertes, gleichzeitiges Laden f\u00fcr bis zu 8 Ger\u00e4te. Mit ihrem kompakten Design, der effizienten 2,4-A-Ladung und dem sicheren Zahlenschloss h\u00e4lt sie Tablets sicher, mit Strom versorgt und einsatzbereit und spart Platz in Klassenzimmern, B\u00fcros oder \u00f6ffentlichen Bereichen.<\/p>","protected":false},"featured_media":2514,"template":"","meta":{"_kad_post_transparent":"default","_kad_post_title":"","_kad_post_layout":"default","_kad_post_sidebar_id":"","_kad_post_content_style":"default","_kad_post_vertical_padding":"default","_kad_post_feature":"","_kad_post_feature_position":"","_kad_post_header":false,"_kad_post_footer":false},"product_brand":[],"product_cat":[91],"product_tag":[122,120,161],"class_list":{"0":"post-1658","1":"product","2":"type-product","3":"status-publish","4":"has-post-thumbnail","6":"product_cat-charging-cabinets","7":"product_tag-charging-cabinet","8":"product_tag-secure-device-storage","9":"product_tag-tablet-charging-station","11":"first","12":"instock","13":"shipping-taxable","14":"product-type-simple","15":"entry","16":"content-bg","17":"loop-entry"},"_links":{"self":[{"href":"https:\/\/24smartcharge.com\/de\/wp-json\/wp\/v2\/product\/1658","targetHints":{"allow":["GET"]}}],"collection":[{"href":"https:\/\/24smartcharge.com\/de\/wp-json\/wp\/v2\/product"}],"about":[{"href":"https:\/\/24smartcharge.com\/de\/wp-json\/wp\/v2\/types\/product"}],"wp:featuredmedia":[{"embeddable":true,"href":"https:\/\/24smartcharge.com\/de\/wp-json\/wp\/v2\/media\/2514"}],"wp:attachment":[{"href":"https:\/\/24smartcharge.com\/de\/wp-json\/wp\/v2\/media?parent=1658"}],"wp:term":[{"taxonomy":"product_brand","embeddable":true,"href":"https:\/\/24smartcharge.com\/de\/wp-json\/wp\/v2\/product_brand?post=1658"},{"taxonomy":"product_cat","embeddable":true,"href":"https:\/\/24smartcharge.com\/de\/wp-json\/wp\/v2\/product_cat?post=1658"},{"taxonomy":"product_tag","embeddable":true,"href":"https:\/\/24smartcharge.com\/de\/wp-json\/wp\/v2\/product_tag?post=1658"}],"curies":[{"name":"wp","href":"https:\/\/api.w.org\/{rel}","templated":true}]}}