{"id":1535,"date":"2025-08-07T08:54:03","date_gmt":"2025-08-07T08:54:03","guid":{"rendered":"https:\/\/24smartcharge.com\/?post_type=product&#038;p=1535"},"modified":"2025-08-07T09:01:21","modified_gmt":"2025-08-07T09:01:21","slug":"rackmount-3-phase-power-distribution-control-switchgear","status":"publish","type":"product","link":"https:\/\/24smartcharge.com\/de\/rackmount-3-phase-power-distribution-control-switchgear\/","title":{"rendered":"3-Phasen-Stromverteilungs-Steuerungs-Schaltanlage f\u00fcr die Rack-Montage"},"content":{"rendered":"<h3 id=\"-rackmount-3-phase-power-distribution-control-switchgear-the-ultimate-solution-for-mission-critical-power-management-\"><strong>3-Phasen-Stromverteilungs-Steuerungs-Schaltanlage f\u00fcr die Rackmontage: Die ultimative L\u00f6sung f\u00fcr unternehmenskritisches Strommanagement<\/strong><\/h3>\n<p>In den anspruchsvollen Umgebungen moderner IT-Rechenzentren, Serverracks und industrieller Steuerungsanlagen ist eine zuverl\u00e4ssige und sorgf\u00e4ltig verwaltete Stromversorgung nicht nur ein Dienstprogramm, sondern die Grundlage f\u00fcr die Betriebskontinuit\u00e4t. Die Rackmount 3-Phase Power Distribution Control Switchgear wurde von Grund auf so entwickelt, dass sie ein unvergleichliches Ma\u00df an Kontrolle, Sicherheit und Zuverl\u00e4ssigkeit f\u00fcr Ihre wichtigsten Anlagen bietet. Dieses Ger\u00e4t ist nicht einfach nur eine Steckdosenleiste, sondern ein hochentwickeltes elektrisches Schaltger\u00e4t, das sich nahtlos in eine standardm\u00e4\u00dfige 19-Zoll-Rack-Infrastruktur integrieren l\u00e4sst und einen robusten und zentralen Knotenpunkt f\u00fcr die Stromverteilung und den Schutz bietet.<\/p>\n<h4 id=\"-engineered-for-high-density-high-availability-environments-\"><strong>Entwickelt f\u00fcr Umgebungen mit hoher Dichte und hoher Verf\u00fcgbarkeit<\/strong><\/h4>\n<p>Diese Schaltanlage wurde speziell f\u00fcr die hohen Kapazit\u00e4tsanforderungen von 3-Phasen-Strom entwickelt, dem Standard f\u00fcr Effizienz und Leistungsdichte in gewerblichen und industriellen Umgebungen. Mit einer Nennspannung von 415V\/480V ist sie perfekt geeignet, um die prim\u00e4re Stromzufuhr in einer Rechenzentrumsreihe oder einem Industrieschrank aufzunehmen und sicher an einzelne Ger\u00e4te zu verteilen. Der Kern seiner Funktion liegt in der F\u00e4higkeit, eine gewaltige Stromeinspeisung in mehrere, \u00fcberschaubare und einzeln gesch\u00fctzte Stromkreise aufzuteilen. Auf diese Weise wird verhindert, dass ein Fehler in einem einzelnen Ger\u00e4t zu einem kaskadenartigen Ausfall f\u00fchrt, der ein ganzes Rack oder System zum Erliegen bringen k\u00f6nnte, wodurch eine maximale Betriebszeit und Ger\u00e4tesicherheit gew\u00e4hrleistet wird.<\/p>\n<p>Der Rackmount-Formfaktor des Ger\u00e4ts ist ein entscheidendes Designelement. Durch die Einhaltung der Standard-Rackabmessungen spart es wertvollen Platz und erm\u00f6glicht eine saubere, organisierte und skalierbare Stromversorgungsarchitektur. Die Installation wird rationalisiert und das Kabelmanagement vereinfacht, wodurch das Durcheinander reduziert und der Luftstrom um empfindliche IT-Hardware verbessert wird. Der Hersteller bietet eine individuelle Anpassung in Bezug auf die H\u00f6he der Rack-Einheit (U) an, um eine perfekte Anpassung an jede neue oder bestehende Rack-Konfiguration zu gew\u00e4hrleisten.<\/p>\n<h4 id=\"-premium-components-for-unwavering-reliability-\"><strong>Hochwertige Komponenten f\u00fcr unersch\u00fctterliche Verl\u00e4sslichkeit<\/strong><\/h4>\n<p>Das Herzst\u00fcck dieser Stromverteilungsschaltanlage sind ihre Stromkreisschutzkomponenten. Die Frontplatte ist mit hochwertigen Leitungsschutzschaltern (MCBs) von weltweit anerkannten und vertrauten Marken best\u00fcckt, darunter\u00a0<strong>Nader<\/strong>\u00a0und\u00a0<strong>Schneider Elektrisch<\/strong>. Die Einbeziehung von Komponenten wie dem Schneider Electric iC65N und der Nader NDB1-63-Serie ist ein Beweis f\u00fcr das Engagement des Produkts f\u00fcr Qualit\u00e4t und Sicherheit. Dabei handelt es sich nicht um generische, markenlose Schalter, sondern um industrieerprobte Ger\u00e4te, die f\u00fcr eine pr\u00e4zise und zuverl\u00e4ssige Leistung entwickelt wurden. Jeder Unterbrecher bietet kritischen \u00dcberstrom- und Kurzschlussschutz und l\u00f6st im Falle eines Fehlers sofort aus, um die Stromzufuhr zu einem bestimmten Stromkreis zu unterbrechen und so teure nachgeschaltete Server, Switches und Speicher-Arrays vor potenziell katastrophalen Sch\u00e4den zu sch\u00fctzen.<\/p>\n<p>Die eindeutige Beschriftung auf dem Panel ist zwar in chinesischer Sprache, offenbart aber ein hochentwickeltes und benutzerorientiertes Design. Die Stromkreise sind logisch gruppiert und gekennzeichnet, was die Diagnose und das Lastmanagement f\u00fcr Techniker und Systemadministratoren vereinfacht.<\/p>\n<h4 id=\"-advanced-ups-integration-with-maintenance-bypass-functionality-\"><strong>Erweiterte USV-Integration mit Wartungsumgehungsfunktionalit\u00e4t<\/strong><\/h4>\n<p>Eines der leistungsst\u00e4rksten und markantesten Merkmale dieser Schaltanlage ist die tiefe Integration in unterbrechungsfreie Stromversorgungssysteme (USV). Die Schalttafel ist ausdr\u00fccklich mit speziellen Abschnitten f\u00fcr den \"USV-Eingang\" (UPS\u8f93\u5165), den \"USV-Hauptausgang\" (UPS\u603b\u8f93\u51fa) und mehrere individuelle \"USV-Ausg\u00e4nge\" (UPS\u8f93\u51fa1, UPS\u8f93\u51fa2, usw.) gekennzeichnet. Dies zeigt, dass das Ger\u00e4t als zentraler Verteilungspunkt f\u00fcr konditionierten, batteriegepufferten Strom konzipiert ist.<\/p>\n<p>Entscheidend ist, dass es eine spezielle\u00a0<strong>\"USV-Wartungsumgehung\"<\/strong>\u00a0(UPS\u7ef4\u4fee\u65c1\u8def)-Schalter, der h\u00e4ufig mit einem deutlich sichtbaren gelben Griff gekennzeichnet ist. Diese Funktion ist in jeder echten Hochverf\u00fcgbarkeitsumgebung unverzichtbar. Wenn eine USV-Anlage gewartet, die Batterien ausgetauscht oder ein komplettes Upgrade durchgef\u00fchrt werden muss, kann der Bediener mit dem Wartungsbypass die Last sicher und nahtlos vom USV-Ausgang direkt auf den Rohnetzeingang umschalten, ohne die Stromversorgung der angeschlossenen Ger\u00e4te zu unterbrechen. Damit entf\u00e4llt die Notwendigkeit einer kostspieligen und risikoreichen geplanten Abschaltung, und die 100% gew\u00e4hrleistet den kontinuierlichen Betrieb Ihrer kritischen Dienste w\u00e4hrend wichtiger Wartungsarbeiten am Stromsystem. Diese einzige Funktion macht das Ger\u00e4t von einer Standard-Stromverteilertafel zu einem professionellen Teil der Rechenzentrumsinfrastruktur.<\/p>\n<h4 id=\"-superior-construction-and-internal-design-\"><strong>\u00dcberlegene Konstruktion und Innengestaltung<\/strong><\/h4>\n<p>Haltbarkeit und Langlebigkeit werden durch das robuste, vollst\u00e4ndig aus Blech gefertigte Geh\u00e4use garantiert. Diese hochbelastbare Konstruktion sch\u00fctzt nicht nur die internen Komponenten vor physischen St\u00f6\u00dfen, sondern bietet auch einen gewissen Grad an EMI\/RFI-Abschirmung, was in elektrisch lauten Rechenzentrumsumgebungen von Vorteil ist. Die professionelle Pulverbeschichtung macht das Geh\u00e4use kratz- und korrosionsbest\u00e4ndig.<\/p>\n<p>Im Inneren setzt sich das Engagement f\u00fcr Qualit\u00e4t fort. Anstatt sich auf eine komplexe Verdrahtung zu verlassen, verwendet diese Schaltanlage eine dicke, hochleitf\u00e4hige Messing- oder Kupfersammelschiene, um den Strom vom Eingang zu den einzelnen Leistungsschaltern zu verteilen. Diese Methode ist weitaus besser, da sie einen geringeren Widerstand, eine minimale W\u00e4rmeentwicklung bei hohen Lasten und eine au\u00dfergew\u00f6hnliche langfristige Zuverl\u00e4ssigkeit bietet. Die Verwendung einer soliden Stromschiene mit sicheren Schraubklemmen f\u00fcr alle Anschl\u00fcsse gew\u00e4hrleistet einen robusten und stabilen elektrischen Pfad und minimiert potenzielle Fehlerquellen.<\/p>\n<h4 id=\"-unmatched-customization-and-scalability-oem-odm-\"><strong>Unerreichte Anpassbarkeit und Skalierbarkeit (OEM\/ODM)<\/strong><\/h4>\n<p>Da keine zwei Projekte identisch sind, werden diese Stromverteilungsschaltanlagen mit vollst\u00e4ndiger OEM- (Original Equipment Manufacturer) und ODM- (Original Design Manufacturer) Unterst\u00fctzung angeboten. Diese Flexibilit\u00e4t erm\u00f6glicht es den Kunden, ihre genauen Anforderungen zu spezifizieren und eine wirklich ma\u00dfgeschneiderte L\u00f6sung zu schaffen. Zu den Anpassungsoptionen k\u00f6nnen geh\u00f6ren:<\/p>\n<ul>\n<li><strong>Konfiguration des Unterbrechers:<\/strong>\u00a0Eine spezifische Mischung von Stromst\u00e4rken und Ausl\u00f6sekurven, die dem Lastprofil der vorgesehenen Ger\u00e4te entsprechen.<\/li>\n<li><strong>Ausgangsbuchsen:<\/strong>\u00a0Die Einheit ist mit Standard-Schutzschaltern ausgestattet, kann aber mit einer Vielzahl von Ausgangssteckdosen oder Industriesteckern konfiguriert werden, um regionale Standards oder spezielle Ger\u00e4teanforderungen zu erf\u00fcllen.<\/li>\n<li><strong>Layout und Beschriftung:<\/strong>\u00a0Benutzerdefinierte Schalttafel-Layouts und Beschriftungen in jeder Sprache zur Anpassung an Unternehmensstandards.<\/li>\n<li><strong>Branding:<\/strong>\u00a0Das Ger\u00e4t kann mit dem Logo und dem Farbschema des Kunden versehen werden, so dass ein vollst\u00e4ndig integriertes Erscheinungsbild entsteht.<\/li>\n<\/ul>\n<p>Mit Zertifizierungen wie CCC und ETL erf\u00fcllen diese Schaltanlagen strenge internationale Sicherheits- und Qualit\u00e4tsstandards, was sie zu einer praktikablen und zuverl\u00e4ssigen L\u00f6sung f\u00fcr den Einsatz auf M\u00e4rkten in aller Welt macht.<\/p>","protected":false},"excerpt":{"rendered":"<div class=\"model-prompt-container\" data-turn-role=\"Model\">\n<div class=\"turn-content\">\n<p class=\"ng-star-inserted\"><span class=\"ng-star-inserted\">Diese 3-Phasen-Schaltanlage f\u00fcr die Rackmontage ist f\u00fcr IT-Rechenzentren und Server-Racks konzipiert. Sie besteht aus robustem Blech und ist mit hochwertigen Nader- und Schneider Electric-Schutzschaltern ausgestattet, die f\u00fcr eine zuverl\u00e4ssige Stromsteuerung und -sicherung sorgen und eine stabile Strom\u00fcbertragung gew\u00e4hrleisten.<\/span><\/p>\n<div class=\"turn-information ng-star-inserted\"><\/div>\n<\/div>\n<\/div>\n<div class=\"turn-footer ng-star-inserted\"><\/div>","protected":false},"featured_media":1541,"template":"","meta":{"_kad_post_transparent":"default","_kad_post_title":"","_kad_post_layout":"default","_kad_post_sidebar_id":"","_kad_post_content_style":"default","_kad_post_vertical_padding":"default","_kad_post_feature":"","_kad_post_feature_position":"","_kad_post_header":false,"_kad_post_footer":false},"product_brand":[],"product_cat":[15,83],"product_tag":[184,172,232],"class_list":{"0":"post-1535","1":"product","2":"type-product","3":"status-publish","4":"has-post-thumbnail","6":"product_cat-static-transfer-switches","7":"product_cat-switchgear","8":"product_tag-data-center-pdu","9":"product_tag-power-distribution-unit","10":"product_tag-rackmount-switchgear","12":"first","13":"instock","14":"shipping-taxable","15":"product-type-simple","16":"entry","17":"content-bg","18":"loop-entry"},"_links":{"self":[{"href":"https:\/\/24smartcharge.com\/de\/wp-json\/wp\/v2\/product\/1535","targetHints":{"allow":["GET"]}}],"collection":[{"href":"https:\/\/24smartcharge.com\/de\/wp-json\/wp\/v2\/product"}],"about":[{"href":"https:\/\/24smartcharge.com\/de\/wp-json\/wp\/v2\/types\/product"}],"wp:featuredmedia":[{"embeddable":true,"href":"https:\/\/24smartcharge.com\/de\/wp-json\/wp\/v2\/media\/1541"}],"wp:attachment":[{"href":"https:\/\/24smartcharge.com\/de\/wp-json\/wp\/v2\/media?parent=1535"}],"wp:term":[{"taxonomy":"product_brand","embeddable":true,"href":"https:\/\/24smartcharge.com\/de\/wp-json\/wp\/v2\/product_brand?post=1535"},{"taxonomy":"product_cat","embeddable":true,"href":"https:\/\/24smartcharge.com\/de\/wp-json\/wp\/v2\/product_cat?post=1535"},{"taxonomy":"product_tag","embeddable":true,"href":"https:\/\/24smartcharge.com\/de\/wp-json\/wp\/v2\/product_tag?post=1535"}],"curies":[{"name":"wp","href":"https:\/\/api.w.org\/{rel}","templated":true}]}}