{"id":1435,"date":"2025-08-07T03:50:06","date_gmt":"2025-08-07T03:50:06","guid":{"rendered":"https:\/\/24smartcharge.com\/?post_type=product&#038;p=1435"},"modified":"2025-08-07T03:50:06","modified_gmt":"2025-08-07T03:50:06","slug":"rackmount-smart-power-distribution-unit-8-outlet-15a","status":"publish","type":"product","link":"https:\/\/24smartcharge.com\/de\/rackmount-smart-power-distribution-unit-8-outlet-15a\/","title":{"rendered":"Intelligente Rackmount-Stromverteilungseinheit, 8 Ausg\u00e4nge, 15 A"},"content":{"rendered":"<h2 id=\"-unlock-advanced-control-and-unparalleled-insight-with-the-rackmount-smart-power-distribution-unit-8-outlet-15a-\"><strong>Erweiterte Kontrolle und unvergleichliche Einblicke mit der Rackmount Smart Power Distribution Unit, 8 Ausg\u00e4nge, 15 A<\/strong><\/h2>\n<p>In der modernen Welt der IT-Infrastrukturen, Serverr\u00e4ume und Rechenzentren, in der viel auf dem Spiel steht, ist ein zuverl\u00e4ssiges Energiemanagement nicht nur eine Annehmlichkeit, sondern die Grundlage f\u00fcr die Kontinuit\u00e4t des Betriebs. Jedes Ger\u00e4t, von den zentralen Netzwerk-Switches bis hin zu Hochleistungsservern und Speicher-Arrays, h\u00e4ngt von einer stabilen und intelligent verwalteten Stromquelle ab. Diese\u00a0<strong>Intelligente Stromverteilungseinheit f\u00fcr Rackmount<\/strong>\u00a0wurde als zentrales Nervensystem f\u00fcr das Stromversorgungssystem Ihres Racks entwickelt. Diese fortschrittliche PDU geht weit \u00fcber die M\u00f6glichkeiten einer herk\u00f6mmlichen Steckdosenleiste hinaus und bietet eine granulare Fernsteuerung, Echtzeit\u00fcberwachung und eine Reihe intelligenter Funktionen, die die Betriebszeit maximieren, die Energieeffizienz verbessern und die Sicherheit Ihrer kritischen Anlagen erh\u00f6hen.<\/p>\n<p>Dieses rackmontierbare 1U-Ger\u00e4t wurde f\u00fcr IT-Profis, Systemadministratoren und Betreiber von Rechenzentren entwickelt, die Wert auf Pr\u00e4zision und Zuverl\u00e4ssigkeit legen. Es bietet acht einzeln steuerbare Ausg\u00e4nge mit einer robusten Stromkapazit\u00e4t von 15 A. Es ist ein strategisches Werkzeug, das die reaktive Probleml\u00f6sung in ein proaktives Infrastrukturmanagement umwandelt und es Ihnen erm\u00f6glicht, von jedem Ort der Welt aus die Kontrolle \u00fcber Ihre Stromumgebung zu \u00fcbernehmen.<\/p>\n<h3 id=\"-intelligent-remote-management-your-rack-your-rules-\"><strong>Intelligente Fernverwaltung: Ihr Rack, Ihre Regeln<\/strong><\/h3>\n<p>Das entscheidende Merkmal dieser\u00a0<strong>Intelligente Stromverteilungseinheit<\/strong>\u00a0ist die leistungsstarke netzwerkbasierte Fernverwaltungsfunktion. Wenn Sie die PDU \u00fcber ihren RJ45-Ethernet-Anschluss mit Ihrem Netzwerk verbinden, erhalten Sie eine neue Dimension der Kontrolle \u00fcber Ihre angeschlossene Hardware.<\/p>\n<ul>\n<li><strong>Individuelle Auslasssteuerung:<\/strong>\u00a0Verabschieden Sie sich von der \u00c4ra der \"Alles-oder-nichts\"-Stromschaltung. Diese PDU bietet Ihnen die M\u00f6glichkeit, jeden der acht Ausg\u00e4nge unabh\u00e4ngig zu steuern. \u00dcber eine intuitive webbasierte Schnittstelle k\u00f6nnen Sie jedes angeschlossene Ger\u00e4t aus der Ferne ein- und ausschalten oder neu starten. Diese Funktion ist von unsch\u00e4tzbarem Wert f\u00fcr die L\u00f6sung von Problemen mit eingefrorenen oder nicht reagierenden Servern und Netzwerkger\u00e4ten. Anstatt einen Techniker vor Ort zu schicken - ein kostspieliger und zeitaufw\u00e4ndiger Prozess - k\u00f6nnen Sie mit wenigen Klicks einen harten Neustart durchf\u00fchren, der die mittlere Wiederherstellungszeit (MTTR) drastisch reduziert und sicherstellt, dass die Dienste innerhalb von Minuten und nicht Stunden wiederhergestellt werden.<\/li>\n<li><strong>Sequentielles Einschalten:<\/strong>\u00a0Verhindern Sie die sch\u00e4dlichen Auswirkungen von Einschaltstrom\u00fcberlastungen durch eine benutzerdefinierte Stromsequenzierung. Wenn mehrere Ger\u00e4te mit hohem Stromverbrauch gleichzeitig eingeschaltet werden, kann der daraus resultierende Stromsto\u00df den Hauptstromkreisunterbrecher ausl\u00f6sen und das gesamte Rack vom Netz nehmen. Mit dieser intelligenten PDU k\u00f6nnen Sie eine bestimmte Einschaltverz\u00f6gerung f\u00fcr jede Steckdose konfigurieren, um sicherzustellen, dass Kerninfrastrukturen wie Netzwerk-Switches und Speichersysteme vollst\u00e4ndig initialisiert werden, bevor die Server, die auf sie angewiesen sind, online geschaltet werden. Dieser gestaffelte Ansatz gew\u00e4hrleistet jedes Mal einen reibungslosen, stabilen Einschaltvorgang.<\/li>\n<li><strong>Geplantes Power Cycling:<\/strong>\u00a0Automatisieren Sie Ihr Energiemanagement, um die Energieeffizienz zu verbessern und Routinewartungen m\u00fchelos durchzuf\u00fchren. Erstellen Sie benutzerdefinierte Zeitpl\u00e4ne, um nicht ben\u00f6tigte Ger\u00e4te au\u00dferhalb der Sto\u00dfzeiten, an Wochenenden oder Feiertagen abzuschalten und sie automatisch wieder einzuschalten, bevor der Betrieb wieder aufgenommen wird. Dies f\u00fchrt nicht nur zu erheblichen Einsparungen bei den Energiekosten, sondern tr\u00e4gt auch zu einem umweltfreundlicheren, nachhaltigeren IT-Betrieb bei.<\/li>\n<\/ul>\n<h3 id=\"-comprehensive-monitoring-for-proactive-management-\"><strong>Umfassende \u00dcberwachung f\u00fcr proaktives Management<\/strong><\/h3>\n<p>Wissen ist Macht, und dies\u00a0<strong>Intelligente Stromverteilungseinheit<\/strong>\u00a0bietet eine F\u00fclle von Informationen. Auf der Vorderseite befinden sich drei helle, leicht ablesbare digitale LED-Anzeigen, die einen Echtzeit-Schnappschuss des Zustands Ihrer Stromumgebung liefern. \u00dcberwachen Sie kritische Metriken wie:<\/p>\n<ul>\n<li><strong>Gesamtstrom (Ampere):<\/strong>\u00a0Behalten Sie den Gesamtstrom, der von allen angeschlossenen Ger\u00e4ten aufgenommen wird, genau im Auge. Dies ist wichtig f\u00fcr einen effektiven Lastausgleich in Ihren Racks und um sicherzustellen, dass Sie sicher unter der Nennkapazit\u00e4t des Ger\u00e4ts von 15 A bleiben.<\/li>\n<li><strong>Eingangsspannung (Volt):<\/strong>\u00a0Stellen Sie sicher, dass Ihre empfindlichen Ger\u00e4te sauberen, stabilen Strom innerhalb des optimalen 110-125-V-Bereichs erhalten. Die PDU kann Sie auf potenziell sch\u00e4dliche Unter- oder \u00dcberspannungen hinweisen.<\/li>\n<li><strong>Gesamtleistungsaufnahme (kW):<\/strong>\u00a0Verfolgen Sie Ihren Stromverbrauch mit Pr\u00e4zision. Diese Daten sind entscheidend f\u00fcr die Kapazit\u00e4tsplanung, die Identifizierung stromhungriger Hardware und die Berechnung wichtiger Rechenzentrumsmetriken wie Power Usage Effectiveness (PUE).<\/li>\n<\/ul>\n<p>Die LEDs \"RUN\" und \"ALM\" (Alarm) auf der Vorderseite bieten sofortige visuelle Statusaktualisierungen. Die Alarmanzeige warnt Sie vor Ort, wenn ein benutzerdefinierter Schwellenwert f\u00fcr die Stromversorgung oder die Umgebungsbedingungen \u00fcberschritten wird, sodass Sie sofort Ma\u00dfnahmen ergreifen k\u00f6nnen, bevor ein potenzielles Problem zu einem kritischen Ausfall eskaliert.<\/p>\n<h3 id=\"-robust-secure-and-built-for-the-data-center-\"><strong>Robust, sicher und f\u00fcr das Rechenzentrum entwickelt<\/strong><\/h3>\n<p>Diese PDU wurde f\u00fcr den zuverl\u00e4ssigen Einsatz in anspruchsvollen Industrie- und IT-Umgebungen entwickelt und ist aus hochbelastbarem Blech gefertigt, was ihre Haltbarkeit und Langlebigkeit gew\u00e4hrleistet. Das standardm\u00e4\u00dfige 1U-Rackmount-Design erm\u00f6glicht den nahtlosen Einbau in jedes 19-Zoll-Server-Rack, wodurch wertvoller Platz gespart wird.<\/p>\n<p>Sicherheit und Schutz stehen an erster Stelle. Das Ger\u00e4t verf\u00fcgt \u00fcber einen an der Vorderseite montierten Schutzschalter, der einen wichtigen \u00dcberstromschutz f\u00fcr alle angeschlossenen Ger\u00e4te bietet. Im Falle einer gef\u00e4hrlichen Strom\u00fcberlastung unterbricht der Unterbrecher sofort den Stromkreis und sch\u00fctzt so Ihre teure Hardware vor Sch\u00e4den. Sobald das Problem behoben ist, kann er einfach zur\u00fcckgesetzt werden, um die Stromversorgung wiederherzustellen.<\/p>\n<h3 id=\"-expanded-connectivity-for-environmental-awareness-\"><strong>Erweiterte Konnektivit\u00e4t f\u00fcr mehr Umweltbewusstsein<\/strong><\/h3>\n<p>Diese PDU erweitert ihre F\u00e4higkeiten \u00fcber das Strommanagement hinaus, indem sie als Drehscheibe f\u00fcr die Umwelt\u00fcberwachung dient.<\/p>\n<ul>\n<li><strong>Daisy-Chaining:<\/strong>\u00a0Dank der \"IN\"- und \"OUT\"-Netzwerkanschl\u00fcsse k\u00f6nnen Sie mehrere PDUs in Reihe schalten und sie so miteinander verbinden, dass sie \u00fcber eine einzige IP-Adresse verwaltet werden k\u00f6nnen. Dies ist eine wichtige Funktion f\u00fcr Installationen mit hoher Dichte, da sie die Verkabelung vereinfacht und begrenzte Netzwerkanschl\u00fcsse und IP-Adressen einspart.<\/li>\n<li><strong>Anschl\u00fcsse f\u00fcr Umweltsensoren:<\/strong>\u00a0An die mit \"T\/H\" (Temperatur\/Luftfeuchtigkeit) und \"DOOR\" bezeichneten Anschl\u00fcsse k\u00f6nnen Sie optionale Umgebungssensoren anschlie\u00dfen. Durch Hinzuf\u00fcgen dieser Sensoren wird die PDU zu einer umfassenden Rack-\u00dcberwachungsl\u00f6sung. \u00dcberwachen Sie die Umgebungstemperatur und die Luftfeuchtigkeit in Ihrem Rack, um eine \u00dcberhitzung der Ger\u00e4te zu verhindern, und verwenden Sie einen T\u00fcrkontaktsensor, um Warnungen \u00fcber unbefugten physischen Zugang zu Ihrem Rack zu erhalten, und f\u00fcgen Sie so eine wichtige Ebene der physischen Sicherheit hinzu.<\/li>\n<\/ul>\n<p>Durch die Konsolidierung von Energiemanagement und Umgebungs\u00fcberwachung in einem einzigen Ger\u00e4t und einer einzigen Schnittstelle erhalten Sie einen ganzheitlichen und integrierten \u00dcberblick \u00fcber den Zustand und die Sicherheit Ihrer Infrastruktur.<\/p>\n<h3 id=\"-the-smart-investment-for-modern-it-\"><strong>Die intelligente Investition f\u00fcr moderne IT<\/strong><\/h3>\n<p>Egal, ob Sie ein gro\u00dfes Rechenzentrum, eine Colocation-Einrichtung, einen entfernten Edge-Computing-Standort oder einen einfachen Serverschrank verwalten, die\u00a0<strong>Intelligente Stromverteilungseinheit f\u00fcr Rackmount<\/strong>\u00a0ist eine grundlegende Investition in Zuverl\u00e4ssigkeit und Effizienz. Die leistungsstarke Kombination aus Fernsteuerung, detaillierter \u00dcberwachung, robustem Design und Umweltbewusstsein bietet Ihnen die Werkzeuge, die Sie ben\u00f6tigen, um Ausfallzeiten zu minimieren, Betriebskosten zu senken und die vollst\u00e4ndige Kontrolle \u00fcber Ihre kritischen IT-Anlagen zu behalten.<\/p>","protected":false},"excerpt":{"rendered":"<div class=\"chat-container\">\n<div class=\"chat-view-container ng-star-inserted\">\n<div>\n<div class=\"chat-turn-container model render cdk-focused cdk-mouse-focused\" tabindex=\"-1\">\n<div class=\"model-prompt-container\" data-turn-role=\"Model\">\n<div class=\"turn-content\">\n<p class=\"ng-star-inserted\"><span class=\"ng-star-inserted\">Dieser intelligente Stromverteiler f\u00fcr die Rackmontage bietet eine fortschrittliche Steuerung f\u00fcr Ihre Ger\u00e4te. Er verf\u00fcgt \u00fcber 8 NEMA 5-15R-Steckdosen, eine 15A-Kapazit\u00e4t und Netzwerkanschl\u00fcsse f\u00fcr die Fern\u00fcberwachung und -verwaltung der Stromversorgung. Das robuste Blechdesign mit integriertem Schutzschalter ist ideal f\u00fcr jedes Server-Rack.<\/span><\/p>\n<\/div>\n<\/div>\n<\/div>\n<\/div>\n<\/div>\n<\/div>","protected":false},"featured_media":1437,"template":"","meta":{"_kad_post_transparent":"default","_kad_post_title":"","_kad_post_layout":"default","_kad_post_sidebar_id":"","_kad_post_content_style":"default","_kad_post_vertical_padding":"default","_kad_post_feature":"","_kad_post_feature_position":"","_kad_post_header":false,"_kad_post_footer":false},"product_brand":[],"product_cat":[81],"product_tag":[214,173,193],"class_list":{"0":"post-1435","1":"product","2":"type-product","3":"status-publish","4":"has-post-thumbnail","6":"product_cat-smart-power-distribution-units","7":"product_tag-network-pdu","8":"product_tag-rackmount-pdu","9":"product_tag-smart-power-distribution-unit","11":"first","12":"instock","13":"shipping-taxable","14":"product-type-simple","15":"entry","16":"content-bg","17":"loop-entry"},"_links":{"self":[{"href":"https:\/\/24smartcharge.com\/de\/wp-json\/wp\/v2\/product\/1435","targetHints":{"allow":["GET"]}}],"collection":[{"href":"https:\/\/24smartcharge.com\/de\/wp-json\/wp\/v2\/product"}],"about":[{"href":"https:\/\/24smartcharge.com\/de\/wp-json\/wp\/v2\/types\/product"}],"wp:featuredmedia":[{"embeddable":true,"href":"https:\/\/24smartcharge.com\/de\/wp-json\/wp\/v2\/media\/1437"}],"wp:attachment":[{"href":"https:\/\/24smartcharge.com\/de\/wp-json\/wp\/v2\/media?parent=1435"}],"wp:term":[{"taxonomy":"product_brand","embeddable":true,"href":"https:\/\/24smartcharge.com\/de\/wp-json\/wp\/v2\/product_brand?post=1435"},{"taxonomy":"product_cat","embeddable":true,"href":"https:\/\/24smartcharge.com\/de\/wp-json\/wp\/v2\/product_cat?post=1435"},{"taxonomy":"product_tag","embeddable":true,"href":"https:\/\/24smartcharge.com\/de\/wp-json\/wp\/v2\/product_tag?post=1435"}],"curies":[{"name":"wp","href":"https:\/\/api.w.org\/{rel}","templated":true}]}}