{"id":1419,"date":"2025-08-07T03:35:17","date_gmt":"2025-08-07T03:35:17","guid":{"rendered":"https:\/\/24smartcharge.com\/?post_type=product&#038;p=1419"},"modified":"2025-08-07T06:36:13","modified_gmt":"2025-08-07T06:36:13","slug":"rackmount-smart-power-distribution-unit-30a-7-5kw","status":"publish","type":"product","link":"https:\/\/24smartcharge.com\/de\/rackmount-smart-power-distribution-unit-30a-7-5kw\/","title":{"rendered":"Intelligente Stromverteilungseinheit f\u00fcr die Rackmontage, 30 A, 7,5 KW"},"content":{"rendered":"<p>&nbsp;<\/p>\n<h1 id=\"rackmount-smart-power-distribution-unit-30a-7-5kw\">Intelligente Stromverteilungseinheit f\u00fcr die Rackmontage, 30 A, 7,5 KW<\/h1>\n<p>In der Welt der High-Density-Computer, in der die Betriebszeit von gr\u00f6\u00dfter Bedeutung ist und jedes Ger\u00e4t eine kritische Ressource darstellt, ist die Energieverwaltung nicht nur ein Dienstprogramm, sondern die Grundlage f\u00fcr Stabilit\u00e4t und Zuverl\u00e4ssigkeit. Diese\u00a0<strong>Intelligente Stromverteilungseinheit f\u00fcr Rackmount<\/strong>\u00a0wurde entwickelt, um diese Grundlage zu schaffen und eine robuste, intelligente und sichere Stromversorgung f\u00fcr Ihre wichtigste Infrastruktur zu liefern. Dieses 1-HE-Ger\u00e4t wurde f\u00fcr die nahtlose Integration in 19-Zoll-Standard-Serverracks entwickelt und ist die endg\u00fcltige L\u00f6sung f\u00fcr Rechenzentren, Netzwerkschr\u00e4nke, Colocation-Einrichtungen und Serverr\u00e4ume, die eine \u00fcberragende Leistung und granulare Kontrolle \u00fcber ihre Stromumgebung ben\u00f6tigen.<\/p>\n<h3 id=\"-intelligent-power-monitoring-in-real-time-\"><strong>Intelligente Strom\u00fcberwachung in Echtzeit<\/strong><\/h3>\n<p>Das Besondere an diesem Ger\u00e4t ist seine Rolle als echter\u00a0<strong>Intelligente Stromverteilungseinheit<\/strong>. Sein Herzst\u00fcck ist ein gut sichtbares, digitales \"Mini-Meter\", das eine Echtzeit-\u00dcberwachung Ihres Stromverbrauchs auf einen Blick erm\u00f6glicht. Das gestochen scharfe LCD-Display zeigt drei wichtige Messwerte deutlich an:<\/p>\n<ul>\n<li><strong>Spannung (V):<\/strong>\u00a0\u00dcberwachen Sie die Stabilit\u00e4t der Stromzufuhr, um sicherzustellen, dass sie innerhalb des sicheren Betriebsbereichs Ihrer empfindlichen IT-Ger\u00e4te bleibt. Dies hilft bei der Diagnose potenzieller Stromversorgungsprobleme auf Betriebsebene, bevor sie Schaden anrichten k\u00f6nnen.<\/li>\n<li><strong>Stromst\u00e4rke (A):<\/strong>\u00a0Behalten Sie den \u00dcberblick \u00fcber die Gesamtstromaufnahme aller angeschlossenen Ger\u00e4te. Dies ist wichtig f\u00fcr den Lastausgleich und die Vermeidung von \u00dcberlastungen. Wenn Sie die genaue Stromaufnahme kennen, k\u00f6nnen Sie neue Ger\u00e4te sicher hinzuf\u00fcgen, ohne raten zu m\u00fcssen, und sicherstellen, dass Sie die maximale Kapazit\u00e4t des Ger\u00e4ts von 30 A nicht \u00fcberschreiten.<\/li>\n<li><strong>Kilowatt (kW):<\/strong>\u00a0Erhalten Sie einen genauen \u00dcberblick \u00fcber Ihren gesamten Stromverbrauch. Diese Daten sind von unsch\u00e4tzbarem Wert f\u00fcr die Kapazit\u00e4tsplanung, die Berechnung der Energiekosten und die Umsetzung von Green IT-Initiativen zur Verbesserung der Stromverbrauchseffizienz (PUE).<\/li>\n<\/ul>\n<p>Diese intelligente \u00dcberwachung verwandelt die PDU von einer einfachen Steckdosenleiste in ein strategisches Tool f\u00fcr proaktives Rechenzentrumsmanagement, das Ihnen hilft, Ressourcen zu optimieren, Ausfallzeiten zu vermeiden und fundierte Entscheidungen \u00fcber Ihre Infrastruktur zu treffen.<\/p>\n<h3 id=\"-high-density-output-with-secure-connectivity-\"><strong>High-Density-Ausgang mit sicherer Konnektivit\u00e4t<\/strong><\/h3>\n<p>Diese PDU ist mit sechs IEC C13-Steckdosen nach Industriestandard ausgestattet und damit die ideale Wahl f\u00fcr die Stromversorgung einer breiten Palette von IT-Hardware, einschlie\u00dflich Servern, Switches, Speicher-Arrays und anderen Netzwerkger\u00e4ten. Die vertikale Anordnung der Steckdosen erm\u00f6glicht ein sauberes Kabelmanagement und einen einfachen Zugang selbst in den engsten Racks.<\/p>\n<p>Ein herausragendes Merkmal ist der integrierte Verriegelungsmechanismus f\u00fcr jede Steckdose, der an den roten Laschen zu erkennen ist. Dieses System ist so konzipiert, dass es die Stromkabel sicher festh\u00e4lt und versehentliche Trennungen verhindert, die durch Rackvibrationen, routinem\u00e4\u00dfige Wartungsarbeiten oder menschliches Versagen verursacht werden k\u00f6nnen. In einer Umgebung, in der ein einziges nicht eingestecktes Kabel zu katastrophalen Ausfallzeiten f\u00fchren kann, bietet diese Verriegelungsfunktion eine wichtige Sicherheit, die gew\u00e4hrleistet, dass wichtige Verbindungen stabil und sicher bleiben.<\/p>\n<h3 id=\"-uncompromising-safety-and-overcurrent-protection-\"><strong>Kompromisslose Sicherheit und \u00dcberstromschutz<\/strong><\/h3>\n<p>Das Herzst\u00fcck des Sicherheitssystems der Einheit ist ein hydraulisch-magnetischer 32-A-Hochleistungsschalter von Nader. Dieser Schalter befindet sich unter einer transparenten, aufklappbaren Abdeckung, die ein versehentliches Ausl\u00f6sen verhindert, und bietet einen hervorragenden Schutz f\u00fcr Ihr gesamtes Rack mit Ger\u00e4ten. Im Gegensatz zu thermischen Schutzschaltern ist ein hydraulisch-magnetischer Schutzschalter weniger anf\u00e4llig f\u00fcr \u00c4nderungen der Umgebungstemperatur und bietet einen pr\u00e4ziseren und zuverl\u00e4ssigeren Ausl\u00f6sepunkt im Falle eines gef\u00e4hrlichen \u00dcberstroms oder Kurzschlusses.<\/p>\n<p>Im Falle einer \u00dcberlastung unterbricht der Unterbrecher sofort die Stromzufuhr zu allen Steckdosen und bewahrt so Ihre wertvollen Anlagen vor irreparablen Sch\u00e4den. Sobald der Fehler behoben ist, kann er einfach zur\u00fcckgesetzt werden, was die Ausfallzeit minimiert und den Austausch von Sicherungen \u00fcberfl\u00fcssig macht. Dieses Engagement f\u00fcr die Sicherheit ist ein Beweis f\u00fcr das professionelle Design des Ger\u00e4ts.<\/p>\n<h3 id=\"-built-for-the-demands-of-professional-environments-\"><strong>Gebaut f\u00fcr die Anforderungen professioneller Umgebungen<\/strong><\/h3>\n<p>Jede Komponente dieser PDU ist f\u00fcr den 24\/7-Betrieb ausgelegt und wurde nach Langlebigkeit und Zuverl\u00e4ssigkeit ausgew\u00e4hlt.<\/p>\n<ul>\n<li><strong>Robuste Konstruktion:<\/strong>\u00a0Das Geh\u00e4use ist aus einer robusten, leichten Aluminiumlegierung gefertigt, die eine hervorragende W\u00e4rmeableitung und physischen Schutz bietet. Die schwarze Pulverbeschichtung ist sowohl langlebig als auch \u00e4sthetisch f\u00fcr professionelle Serverumgebungen geeignet.<\/li>\n<li><strong>Standard Rack-Mountable Design:<\/strong>\u00a0Mit seinen Abmessungen von 483 mm x 44,5 mm x 44,5 mm entspricht das Ger\u00e4t perfekt der Standardbreite von 19 Zoll und der H\u00f6he von 1 HE, was eine m\u00fchelose Installation in jedem Server-Rack oder -Schrank nach EIA-Standard erm\u00f6glicht.<\/li>\n<li><strong>Hohe Kapazit\u00e4t, zertifizierte Verkabelung:<\/strong>\u00a0Die interne Verdrahtung ist UL-zertifiziert und verf\u00fcgt \u00fcber eine flammhemmende Spezifikation, die sicherstellt, dass sie die Dauerlast von 30 A bei einer maximalen Kapazit\u00e4t von 7,5 KW ohne Risiko bew\u00e4ltigen kann. Dieser Fokus auf die Materialqualit\u00e4t gew\u00e4hrleistet langfristige Leistung und Sicherheit.<\/li>\n<li><strong>Globale Kompatibilit\u00e4t und Zertifizierung:<\/strong>\u00a0Die PDU unterst\u00fctzt einen breiten Eingangsspannungsbereich von 120-240 V und eine Frequenz von 50\/60 Hz, was sie zu einer vielseitigen Wahl f\u00fcr den internationalen Einsatz macht. Dar\u00fcber hinaus verf\u00fcgt sie \u00fcber wichtige internationale Zertifizierungen, darunter ETL f\u00fcr nordamerikanische Sicherheitsstandards, CE f\u00fcr die Konformit\u00e4t mit dem europ\u00e4ischen Markt und RoHS f\u00fcr die Beschr\u00e4nkung gef\u00e4hrlicher Substanzen. Diese Zertifizierungen best\u00e4tigen, dass das Ger\u00e4t rigorosen Tests unterzogen wurde, um die strengen globalen Standards f\u00fcr Sicherheit, Qualit\u00e4t und Umweltvertr\u00e4glichkeit zu erf\u00fcllen.<\/li>\n<\/ul>\n<h3 id=\"-the-essential-investment-for-your-infrastructure-\"><strong>Die unverzichtbare Investition f\u00fcr Ihre Infrastruktur<\/strong><\/h3>\n<p>Diese\u00a0<strong>Intelligente Stromverteilungseinheit f\u00fcr Rackmount<\/strong>\u00a0ist mehr als nur eine Komponente; es ist eine Investition in die Stabilit\u00e4t, Sicherheit und Effizienz Ihres gesamten IT-Betriebs. Durch die Bereitstellung detaillierter Stromkennzahlen, sicherer Verbindungen und eines robusten \u00dcberstromschutzes k\u00f6nnen Sie die volle Kontrolle \u00fcber Ihre Strominfrastruktur \u00fcbernehmen. Ganz gleich, ob Sie ein neues Rechenzentrum bauen, einen bestehenden Serverraum aufr\u00fcsten oder einfach nur eine zuverl\u00e4ssige Stromverteilung f\u00fcr ein einzelnes Ger\u00e4terack ben\u00f6tigen - diese PDU bietet die Leistung und die Funktionen, die Sie zum Schutz Ihrer Anlagen und zur Aufrechterhaltung einer maximalen Betriebszeit ben\u00f6tigen.<\/p>","protected":false},"excerpt":{"rendered":"<div class=\"chat-container\">\n<div class=\"chat-view-container ng-star-inserted\">\n<div>\n<div class=\"chat-turn-container model render cdk-focused cdk-mouse-focused\" tabindex=\"-1\">\n<div class=\"model-prompt-container\" data-turn-role=\"Model\">\n<div class=\"turn-content\">\n<p class=\"ng-star-inserted\"><span class=\"ng-star-inserted\">Diese intelligente Stromverteilungseinheit f\u00fcr die Rackmontage versorgt Ihre Ger\u00e4te zuverl\u00e4ssig mit Strom. Er verf\u00fcgt \u00fcber 6 C13-Steckdosen, ein digitales Messger\u00e4t zur \u00dcberwachung von V, A und kW sowie einen 32-A-Hydraulikschalter f\u00fcr \u00dcberstromschutz. Das robuste Geh\u00e4use aus einer Aluminiumlegierung garantiert Langlebigkeit f\u00fcr Ihr Rechenzentrum oder Ihren Serverraum.<\/span><\/p>\n<div class=\"turn-information ng-star-inserted\"><\/div>\n<\/div>\n<\/div>\n<div class=\"turn-footer ng-star-inserted\"><\/div>\n<\/div>\n<\/div>\n<\/div>\n<\/div>\n<footer class=\"not-zero-state ng-star-inserted\">\n<div class=\"mat-mdc-tooltip-trigger prompt-input-wrapper\">\n<div>\n<div class=\"prompt-input-wrapper-container\">\n<div class=\"text-wrapper\">\n<section class=\"text-and-attachments-wrapper\">\n<div class=\"text-input-wrapper\"><\/div>\n<\/section>\n<\/div>\n<\/div>\n<\/div>\n<\/div>\n<\/footer>","protected":false},"featured_media":1429,"template":"","meta":{"_kad_post_transparent":"default","_kad_post_title":"","_kad_post_layout":"default","_kad_post_sidebar_id":"","_kad_post_content_style":"default","_kad_post_vertical_padding":"default","_kad_post_feature":"","_kad_post_feature_position":"","_kad_post_header":false,"_kad_post_footer":false},"product_brand":[],"product_cat":[81,82],"product_tag":[195,173,193],"class_list":{"0":"post-1419","1":"product","2":"type-product","3":"status-publish","4":"has-post-thumbnail","6":"product_cat-smart-power-distribution-units","7":"product_cat-basic-power-distribution-units","8":"product_tag-metered-pdu","9":"product_tag-rackmount-pdu","10":"product_tag-smart-power-distribution-unit","12":"first","13":"instock","14":"shipping-taxable","15":"product-type-simple","16":"entry","17":"content-bg","18":"loop-entry"},"_links":{"self":[{"href":"https:\/\/24smartcharge.com\/de\/wp-json\/wp\/v2\/product\/1419","targetHints":{"allow":["GET"]}}],"collection":[{"href":"https:\/\/24smartcharge.com\/de\/wp-json\/wp\/v2\/product"}],"about":[{"href":"https:\/\/24smartcharge.com\/de\/wp-json\/wp\/v2\/types\/product"}],"wp:featuredmedia":[{"embeddable":true,"href":"https:\/\/24smartcharge.com\/de\/wp-json\/wp\/v2\/media\/1429"}],"wp:attachment":[{"href":"https:\/\/24smartcharge.com\/de\/wp-json\/wp\/v2\/media?parent=1419"}],"wp:term":[{"taxonomy":"product_brand","embeddable":true,"href":"https:\/\/24smartcharge.com\/de\/wp-json\/wp\/v2\/product_brand?post=1419"},{"taxonomy":"product_cat","embeddable":true,"href":"https:\/\/24smartcharge.com\/de\/wp-json\/wp\/v2\/product_cat?post=1419"},{"taxonomy":"product_tag","embeddable":true,"href":"https:\/\/24smartcharge.com\/de\/wp-json\/wp\/v2\/product_tag?post=1419"}],"curies":[{"name":"wp","href":"https:\/\/api.w.org\/{rel}","templated":true}]}}