{"id":1397,"date":"2025-08-07T02:32:58","date_gmt":"2025-08-07T02:32:58","guid":{"rendered":"https:\/\/24smartcharge.com\/?post_type=product&#038;p=1397"},"modified":"2025-08-07T02:43:09","modified_gmt":"2025-08-07T02:43:09","slug":"280a-20-socket-rackmount-smart-power-distribution-unit","status":"publish","type":"product","link":"https:\/\/24smartcharge.com\/de\/280a-20-socket-rackmount-smart-power-distribution-unit\/","title":{"rendered":"280A 20-Socket Rackmount Smart Power Distribution Unit"},"content":{"rendered":"<h1 id=\"unleash-unmatched-power-and-intelligence-with-the-280a-20-socket-rackmount-smart-power-distribution-unit\">Entfesseln Sie un\u00fcbertroffene Leistung und Intelligenz mit der 280A 20-Socket Rackmount Smart Power Distribution Unit<\/h1>\n<p>In der anspruchsvollen Landschaft moderner Rechenzentren, Hochleistungscomputercluster und Industrieanlagen ist eine zuverl\u00e4ssige und intelligente Energieverteilung nicht nur ein Dienstprogramm, sondern die Grundlage f\u00fcr die betriebliche Integrit\u00e4t. Die Einf\u00fchrung der\u00a0<strong>280A 20-Socket Rackmount Smart Power Distribution Unit (PDU)<\/strong>ist eine L\u00f6sung f\u00fcr Unternehmen, die h\u00f6chste Anforderungen an Stromkapazit\u00e4t, intelligentes Management und unersch\u00fctterliche Zuverl\u00e4ssigkeit erf\u00fcllt. Diese beeindruckende PDU wurde f\u00fcr professionelle Anwender entwickelt, die eine detaillierte Steuerung und robuste Leistung f\u00fcr ihre gesch\u00e4ftskritische Infrastruktur ben\u00f6tigen, und bietet einen zentralen Strom-Hub mit hoher Kapazit\u00e4t, der sowohl Stabilit\u00e4t als auch Effizienz gew\u00e4hrleistet.<\/p>\n<h2 id=\"high-capacity-power-for-dense-environments\">Leistungsstarker Strom f\u00fcr dichte Umgebungen<\/h2>\n<p>Das Herzst\u00fcck dieses intelligenten Stromverteilers ist seine au\u00dfergew\u00f6hnliche Belastbarkeit. Mit einer schwindelerregenden\u00a0<strong>Nennstrom von 280A<\/strong>\u00a0und eine vielseitige\u00a0<strong>Nennspannungsbereich von 380V-480V<\/strong>ist diese PDU f\u00fcr die Versorgung der stromhungrigsten Ger\u00e4te ausgelegt. Ganz gleich, ob Sie Racks mit Blade-Servern, Netzwerk-Switches, Speicher-Arrays oder Steuerungen f\u00fcr die Industrieautomation betreiben, diese Einheit liefert die erhebliche Leistung, die erforderlich ist, um Spitzenleistungen ohne Kompromisse zu gew\u00e4hrleisten.<\/p>\n<p>Die Leistungsabgabe ist ebenso beeindruckend wie die Aufnahmekapazit\u00e4t. Jeder der\u00a0<strong>20 4-polige Steckdosen mit hoher Dichte<\/strong>\u00a0ist in der Lage, eine betr\u00e4chtliche Wattleistung zu liefern, so dass auch die anspruchsvollsten Ger\u00e4te stabil und gleichm\u00e4\u00dfig mit Strom versorgt werden:<\/p>\n<ul>\n<li><strong>Maximale Ausgangsleistung pro Steckdose (unter 380V):<\/strong>\u00a0Bis zu 13.163 W<\/li>\n<li><strong>Maximale Ausgangsleistung pro Steckdose (unter 480 V):<\/strong>\u00a0Bis zu 16.627 W<\/li>\n<\/ul>\n<p>Diese immense Ausgangskapazit\u00e4t macht die PDU zur idealen Wahl f\u00fcr Rack-Umgebungen mit hoher Dichte, in denen der Platz knapp ist, der Strombedarf aber st\u00e4ndig steigt. Durch die Konsolidierung der Stromverteilung in einer einzigen, robusten Einheit k\u00f6nnen Sie die Verkabelung vereinfachen, das Durcheinander reduzieren und die Luftzirkulation innerhalb des Racks verbessern, w\u00e4hrend Sie gleichzeitig sicherstellen, dass Ihre kritischen Systeme die f\u00fcr einen einwandfreien Betrieb erforderliche Stromversorgung erhalten.<\/p>\n<h2 id=\"intelligent-ip-based-monitoring-and-management\">Intelligente IP-basierte \u00dcberwachung und Verwaltung<\/h2>\n<p>Abgesehen von seiner reinen Leistung verdient dieses Ger\u00e4t seinen Titel als\u00a0<strong>Intelligente Stromverteilungseinheit<\/strong>\u00a0durch seine fortschrittlichen digitalen IP-Mess- und Fernverwaltungsfunktionen. In der datengesteuerten Welt von heute gilt: Was man nicht messen kann, kann man auch nicht verwalten. Diese intelligente PDU liefert die entscheidenden Daten, die Sie ben\u00f6tigen, um Ihre Strominfrastruktur im Hinblick auf Effizienz, Kosteneinsparungen und proaktive Wartung zu optimieren.<\/p>\n<p>Die integrierte IP-basierte \u00dcberwachung erm\u00f6glicht es Netzwerkadministratoren und Geb\u00e4udemanagern, wichtige elektrische Parameter in Echtzeit aus der Ferne zu verfolgen. \u00dcber ein zentrales Dashboard k\u00f6nnen Sie Spannung, Stromst\u00e4rke, Stromverbrauch (in kWh) und die Gesamtbelastung des Ger\u00e4ts und einzelner Steckdosen \u00fcberwachen. Dieser Einblick ist von unsch\u00e4tzbarem Wert f\u00fcr:<\/p>\n<ul>\n<li><strong>Kapazit\u00e4tsplanung:<\/strong>\u00a0Sie k\u00f6nnen den aktuellen Stromverbrauch genau einsch\u00e4tzen und den k\u00fcnftigen Bedarf prognostizieren, um eine \u00dcberversorgung zu vermeiden und eine ausreichende Kapazit\u00e4t f\u00fcr Erweiterungen zu gew\u00e4hrleisten.<\/li>\n<li><strong>Lastausgleich:<\/strong>\u00a0Verteilen Sie die Stromlasten gleichm\u00e4\u00dfig auf die Stromkreise, um \u00dcberlastungen zu vermeiden und die Effizienz Ihrer Strominfrastruktur zu maximieren.<\/li>\n<li><strong>Energie-Effizienz:<\/strong>\u00a0Identifizieren Sie \"Geisterserver\" oder ineffiziente Hardware, die Strom verbraucht, ohne einen Nutzen zu bringen. Nutzen Sie pr\u00e4zise Verbrauchsdaten, um Green-IT-Initiativen voranzutreiben und Betriebsausgaben zu senken.<\/li>\n<li><strong>Fehlersuche aus der Ferne:<\/strong>\u00a0Diagnose von Stromversorgungsproblemen von jedem Ort der Welt aus, wodurch die Notwendigkeit von Eingriffen vor Ort reduziert und Ausfallzeiten minimiert werden.<\/li>\n<\/ul>\n<p>Durch die Umwandlung einer passiven Komponente in eine aktive, Daten liefernde Anlage erm\u00f6glicht Ihnen diese intelligente Stromverteilungseinheit fundierte Entscheidungen, die die Zuverl\u00e4ssigkeit erh\u00f6hen und die Gesamtbetriebskosten (TCO) senken.<\/p>\n<h2 id=\"engineered-for-seamless-integration-and-reliability\">Entwickelt f\u00fcr nahtlose Integration und Verl\u00e4sslichkeit<\/h2>\n<p>Diese PDU wurde mit Blick auf die professionelle IT-Umgebung entwickelt und verf\u00fcgt \u00fcber einen Standard-Rackmount-Formfaktor. Seine Abmessungen von\u00a0<strong>483mm x 44,5mm x 44,5mm<\/strong>\u00a0erm\u00f6glichen die nahtlose Integration in jedes standardm\u00e4\u00dfige 19-Zoll-Server-Rack und beanspruchen nur minimalen vertikalen Platz. Die horizontale Ausrichtung gew\u00e4hrleistet einen einfachen Zugang zu allen 20 Ausg\u00e4ngen von der Vorder- oder R\u00fcckseite des Racks und vereinfacht die Installation und Wartung der Ger\u00e4te.<\/p>\n<p>Die Zuverl\u00e4ssigkeit wird durch die hohe Verarbeitungsqualit\u00e4t und die robusten Schutzmechanismen weiter erh\u00f6ht. Das Ger\u00e4t ist mit einem umfassenden Schutzsystem ausgestattet, das Folgendes umfasst\u00a0<strong>10 hochwertige 40A-Leitungsschutzschalter (MCBs)<\/strong>, wobei jeder MCB ein Paar von Ausg\u00e4ngen sch\u00fctzt. Dieses Design bietet eine \u00fcberlegene Sicherheit durch Isolierung von Fehlern. Wenn ein Ger\u00e4t einen Kurzschluss hat oder zu viel Strom zieht, l\u00f6st der entsprechende MCB aus und schaltet die Stromversorgung nur f\u00fcr dieses Steckdosenpaar ab, w\u00e4hrend die anderen 18 Steckdosen weiterhin ohne Unterbrechung funktionieren. Auf diese Weise wird verhindert, dass ein einzelner Ger\u00e4teausfall kaskadenartig zu einem kompletten Rack- oder systemweiten Ausfall f\u00fchrt, wodurch die Betriebszeit f\u00fcr alle anderen angeschlossenen Ger\u00e4te maximiert wird.<\/p>\n<p>Dieses Engagement f\u00fcr Qualit\u00e4t und Sicherheit wird durch seine Zertifizierungen best\u00e4tigt, darunter\u00a0<strong>CE, ROHS und SAA<\/strong>. Diese Pr\u00fcfzeichen belegen die Einhaltung strenger internationaler Normen f\u00fcr Sicherheit, Umweltvertr\u00e4glichkeit und Leistung und geben Ihnen die Gewissheit, dass Sie ein professionell gepr\u00fcftes und zuverl\u00e4ssiges Produkt einsetzen.<\/p>\n<h2 id=\"ideal-applications\">Ideale Anwendungen<\/h2>\n<p>Die einzigartige Kombination aus hoher Leistung, dichter Konnektivit\u00e4t und intelligentem Management macht dieses\u00a0<strong>Intelligente Stromverteilungseinheit<\/strong>\u00a0die perfekte L\u00f6sung f\u00fcr ein breites Spektrum anspruchsvoller Anwendungen, darunter:<\/p>\n<ul>\n<li><strong>Rechenzentren f\u00fcr Unternehmen:<\/strong>\u00a0Versorgen Sie Serverschr\u00e4nke mit hoher Dichte mit Strom und verwalten Sie den Energieverbrauch in der gesamten Einrichtung.<\/li>\n<li><strong>Colocation-Einrichtungen:<\/strong>\u00a0Versorgen Sie Ihre Mieter mit zuverl\u00e4ssigem, gemessenem Strom, der eine genaue Abrechnung und Kapazit\u00e4tsverwaltung erm\u00f6glicht.<\/li>\n<li><strong>Hochleistungsrechnen (High-Performance Computing, HPC):<\/strong>\u00a0Bereitstellung der immensen Leistung, die f\u00fcr Supercomputing-Cluster erforderlich ist, die in der wissenschaftlichen Forschung, der Finanzmodellierung und der KI-Entwicklung eingesetzt werden.<\/li>\n<li><strong>Telekommunikationsknotenpunkte:<\/strong>\u00a0Sicherstellung einer unterbrechungsfreien Stromversorgung f\u00fcr wichtige Netzwerk-Switches, Router und Kommunikationsger\u00e4te.<\/li>\n<li><strong>Industrielle Automatisierung:<\/strong>\u00a0Energiesteuerungssysteme, Roboter und Fertigungsanlagen in der Fabrik, wo Zuverl\u00e4ssigkeit an erster Stelle steht.<\/li>\n<\/ul>\n<p>Mit einem\u00a0<strong>12-monatige Garantie<\/strong>\u00a0und einer Mindestbestellmenge (MOQ) von nur einem St\u00fcck ist es einfach, diese leistungsstarke L\u00f6sung zu erwerben und einzusetzen, um Ihre Strominfrastruktur sofort zu verbessern. Investieren Sie in eine Stromverteilungsl\u00f6sung, die nicht nur leistungsstark und zuverl\u00e4ssig ist, sondern auch intelligent genug, um die Herausforderungen von morgen zu meistern.<\/p>","protected":false},"excerpt":{"rendered":"<div class=\"chat-container\">\n<div class=\"chat-view-container ng-star-inserted\">\n<div>\n<div class=\"chat-turn-container model render cdk-focused cdk-mouse-focused\" tabindex=\"-1\">\n<div class=\"model-prompt-container\" data-turn-role=\"Model\">\n<div class=\"turn-content\">\n<p class=\"ng-star-inserted\"><span class=\"ng-star-inserted\">Versorgen Sie Ihr Rechenzentrum mit dieser leistungsstarken 280A Smart Power Distribution Unit. Sie ist f\u00fcr die Rackmontage konzipiert, verf\u00fcgt \u00fcber 20 Steckdosen und unterst\u00fctzt einen Spannungsbereich von 380-480 V. Sie bietet robusten Schutz und IP-Messung f\u00fcr eine effiziente Fern\u00fcbertragung und -verwaltung der elektrischen Energie.<\/span><\/p>\n<div class=\"turn-information ng-star-inserted\"><\/div>\n<\/div>\n<\/div>\n<div class=\"turn-footer ng-star-inserted\"><\/div>\n<\/div>\n<\/div>\n<\/div>\n<\/div>\n<footer class=\"not-zero-state ng-star-inserted\">\n<div class=\"mat-mdc-tooltip-trigger prompt-input-wrapper\">\n<div>\n<div class=\"prompt-input-wrapper-container\">\n<div class=\"text-wrapper\">\n<section class=\"text-and-attachments-wrapper\">\n<div class=\"text-input-wrapper\"><\/div>\n<\/section>\n<\/div>\n<\/div>\n<\/div>\n<\/div>\n<\/footer>","protected":false},"featured_media":1399,"template":"","meta":{"_kad_post_transparent":"default","_kad_post_title":"","_kad_post_layout":"default","_kad_post_sidebar_id":"","_kad_post_content_style":"default","_kad_post_vertical_padding":"default","_kad_post_feature":"","_kad_post_feature_position":"","_kad_post_header":false,"_kad_post_footer":false},"product_brand":[],"product_cat":[81],"product_tag":[210,211,193],"class_list":{"0":"post-1397","1":"product","2":"type-product","3":"status-publish","4":"has-post-thumbnail","6":"product_cat-smart-power-distribution-units","7":"product_tag-280a-rack-pdu","8":"product_tag-metered-ip-pdu","9":"product_tag-smart-power-distribution-unit","11":"first","12":"instock","13":"shipping-taxable","14":"product-type-simple","15":"entry","16":"content-bg","17":"loop-entry"},"_links":{"self":[{"href":"https:\/\/24smartcharge.com\/de\/wp-json\/wp\/v2\/product\/1397","targetHints":{"allow":["GET"]}}],"collection":[{"href":"https:\/\/24smartcharge.com\/de\/wp-json\/wp\/v2\/product"}],"about":[{"href":"https:\/\/24smartcharge.com\/de\/wp-json\/wp\/v2\/types\/product"}],"wp:featuredmedia":[{"embeddable":true,"href":"https:\/\/24smartcharge.com\/de\/wp-json\/wp\/v2\/media\/1399"}],"wp:attachment":[{"href":"https:\/\/24smartcharge.com\/de\/wp-json\/wp\/v2\/media?parent=1397"}],"wp:term":[{"taxonomy":"product_brand","embeddable":true,"href":"https:\/\/24smartcharge.com\/de\/wp-json\/wp\/v2\/product_brand?post=1397"},{"taxonomy":"product_cat","embeddable":true,"href":"https:\/\/24smartcharge.com\/de\/wp-json\/wp\/v2\/product_cat?post=1397"},{"taxonomy":"product_tag","embeddable":true,"href":"https:\/\/24smartcharge.com\/de\/wp-json\/wp\/v2\/product_tag?post=1397"}],"curies":[{"name":"wp","href":"https:\/\/api.w.org\/{rel}","templated":true}]}}