{"id":1381,"date":"2025-08-07T02:26:11","date_gmt":"2025-08-07T02:26:11","guid":{"rendered":"https:\/\/24smartcharge.com\/?post_type=product&#038;p=1381"},"modified":"2025-08-07T02:26:11","modified_gmt":"2025-08-07T02:26:11","slug":"24-outlet-rack-mount-smart-power-distribution-unit-150a","status":"publish","type":"product","link":"https:\/\/24smartcharge.com\/de\/24-outlet-rack-mount-smart-power-distribution-unit-150a\/","title":{"rendered":"Intelligente Stromverteilungseinheit mit 24 Ausg\u00e4ngen f\u00fcr die Rackmontage 150 A"},"content":{"rendered":"<h2 id=\"the-ultimate-solution-for-high-density-power-management\">Die ultimative L\u00f6sung f\u00fcr High-Density Power Management<\/h2>\n<p>In der modernen digitalen Landschaft sind die Zuverl\u00e4ssigkeit und Effizienz Ihrer IT-Infrastruktur von gr\u00f6\u00dfter Bedeutung. Jeder Server, jeder Switch und jedes Speicherarray ist auf eine stabile und intelligent verwaltete Stromquelle angewiesen. Wir stellen die 24-Outlet Rack Mount Smart Power Distribution Unit 150A vor, eine hochmoderne L\u00f6sung, die f\u00fcr die extremen Anforderungen von Rechenzentren mit hoher Dichte, Unternehmensserverr\u00e4umen und industriellen Anwendungen entwickelt wurde. Es handelt sich nicht nur um eine Steckdosenleiste, sondern um eine hochentwickelte Kommandozentrale f\u00fcr das Stromversorgungssystem Ihres Racks, die granulare Kontrolle, Echtzeit\u00fcberwachung und robuste Leistung bietet, um maximale Betriebszeit und betriebliche Effizienz zu gew\u00e4hrleisten.<\/p>\n<h3 id=\"unmatched-power-and-capacity\">Unerreichte Leistung und Kapazit\u00e4t<\/h3>\n<p>Diese Smart Power Distribution Unit wurde f\u00fcr besonders stromhungrige Umgebungen entwickelt und liefert eine enorme\u00a0<strong>150A Gesamtkapazit\u00e4t<\/strong>\u00a0\u00fcber\u00a0<strong>24 strategisch platzierte Steckdosen<\/strong>. Diese Hochstromf\u00e4higkeit macht es zum idealen Backbone f\u00fcr Racks, die mit Blade-Servern, High-Performance-Computing-Clustern und umfangreichen Netzwerkger\u00e4ten best\u00fcckt sind. Das Ger\u00e4t ist so konzipiert, dass es eine breite Palette von Hochspannungssystemen unterst\u00fctzt, darunter\u00a0<strong>208V, 380V, und 415V<\/strong>\u00a0Inputs, was ihn zu einer vielseitigen Wahl f\u00fcr Einrichtungen auf der ganzen Welt macht.<\/p>\n<p>Das Chassis ist aus einem haltbaren, leichten Material gefertigt.\u00a0<strong>Aluminiumlegierung<\/strong>Dadurch werden die strukturelle Integrit\u00e4t und eine effiziente W\u00e4rmeableitung auch unter Volllast gew\u00e4hrleistet. Sein vertikaler Zero-U-Formfaktor erm\u00f6glicht eine nahtlose Installation in einem Standard-Server-Rack, ohne wertvollen horizontalen Rack-Platz zu verbrauchen. Die Stromversorgung erfolgt \u00fcber einen sicheren, fest verdrahteten Eingangsanschluss, der eine stabile und zuverl\u00e4ssige Verbindung garantiert und die betr\u00e4chtliche Stromst\u00e4rke von 150 A bew\u00e4ltigen kann.<\/p>\n<h3 id=\"intelligent-network-based-monitoring\">Intelligente netzgest\u00fctzte \u00dcberwachung<\/h3>\n<p>Was dieses Ger\u00e4t wirklich auszeichnet, ist seine Intelligenz. Als erstklassige Smart Power Distribution Unit l\u00e4sst es sich \u00fcber einen speziellen Ethernet-Anschluss (NET) nahtlos in Ihre Netzwerkinfrastruktur integrieren. Sobald es angeschlossen ist, erhalten Administratoren einen unvergleichlichen Einblick in den Stromverbrauch. Wichtige Metriken sind auf Knopfdruck verf\u00fcgbar:<\/p>\n<ul>\n<li><strong>Lokale LCD-Anzeige:<\/strong>\u00a0Ein gestochen scharfes, klares LCD-Display am Ger\u00e4t selbst bietet einen sofortigen Statusbericht auf einen Blick. Sie k\u00f6nnen in Echtzeit den Gesamtstrom (A), die Spannung (V), die Wirkleistung (W) und den kumulierten Energieverbrauch (kWh) ablesen. Auf dem Bildschirm wird auch die dem Ger\u00e4t zugewiesene IPv4-Adresse angezeigt, um die Identifizierung und Einrichtung des Netzwerks zu erleichtern.<\/li>\n<li><strong>Fern\u00fcberwachung:<\/strong>\u00a0\u00dcber eine sichere Webschnittstelle oder SNMP-Integration k\u00f6nnen Systemadministratoren von jedem Ort der Welt aus auf all diese wichtigen Daten zugreifen. Diese Funktion ist f\u00fcr ein proaktives Management von entscheidender Bedeutung. Sie erm\u00f6glicht es Ihnen, die Lasten auf die einzelnen Stromkreise aufzuteilen, den k\u00fcnftigen Kapazit\u00e4tsbedarf zu planen und potenzielle Stromversorgungsprobleme zu erkennen, bevor sie sich zu kostspieligen Ausfallzeiten auswachsen.<\/li>\n<li><strong>Beunruhigend:<\/strong>\u00a0Das Ger\u00e4t verf\u00fcgt \u00fcber eine optische Alarmanzeige. Sie k\u00f6nnen Schwellenwerte f\u00fcr Strom, Spannung und Leistung konfigurieren. Wenn diese Schwellenwerte \u00fcberschritten werden, kann die PDU Alarme ausl\u00f6sen und Ihr IT-Team sofort \u00fcber eine m\u00f6gliche \u00dcberlastung oder Stromanomalie benachrichtigen, sodass eine schnelle und pr\u00e4ventive Reaktion m\u00f6glich ist.<\/li>\n<\/ul>\n<h3 id=\"granular-remote-outlet-control\">Granulare Fernsteuerung der Steckdose<\/h3>\n<p>Neben der \u00dcberwachung bietet diese PDU eine umfassende Fernsteuerung f\u00fcr jeden Ausgang. Das Ger\u00e4t verf\u00fcgt \u00fcber verschiedene Steckdosenb\u00e4nke (mit den Bezeichnungen L2, L3 usw.) mit individuellen physischen EIN\/AUS-Tasten und Statusanzeigen. Diese Steuerung erstreckt sich auch auf die Netzwerkschnittstelle und bietet leistungsstarke Fernverwaltungsfunktionen:<\/p>\n<ul>\n<li><strong>Ferngesteuerter Neustart:<\/strong>\u00a0Starten Sie h\u00e4ngende, eingefrorene oder nicht reagierende Server und Netzwerkger\u00e4te neu, ohne das Rechenzentrum zu betreten. Diese Funktion reduziert die Ausfallzeiten drastisch und macht kostspielige Technikerbesuche vor Ort \u00fcberfl\u00fcssig, insbesondere bei abgelegenen oder \"Lights-out\"-Einrichtungen.<\/li>\n<li><strong>Energie-Sequenzierung:<\/strong>\u00a0Schalten Sie die Ger\u00e4te in einer bestimmten, programmierten Reihenfolge ein, um den massiven Einschaltstrom zu vermeiden, der Schutzschalter ausl\u00f6sen kann, wenn mehrere Ger\u00e4te gleichzeitig eingeschaltet werden. Dies erh\u00f6ht die Stabilit\u00e4t und Langlebigkeit sowohl der PDU als auch Ihrer angeschlossenen Ger\u00e4te.<\/li>\n<li><strong>Sicherheit der Steckdose:<\/strong>\u00a0Deaktivieren Sie ungenutzte Steckdosen aus der Ferne, um zu verhindern, dass unbefugte Ger\u00e4te an Ihre kritische Stromversorgungsinfrastruktur angeschlossen werden, und f\u00fcgen Sie so eine wichtige Ebene der physischen und elektrischen Sicherheit hinzu.<\/li>\n<\/ul>\n<h3 id=\"designed-for-seamless-integration-and-reliability\">Entwickelt f\u00fcr nahtlose Integration und Verl\u00e4sslichkeit<\/h3>\n<p>Jeder Aspekt dieser intelligenten Stromverteilungseinheit wurde f\u00fcr professionelle Umgebungen entwickelt. Die klare\u00a0<strong>Port-Status-LED-Panel<\/strong>\u00a0bietet eine sofortige visuelle Best\u00e4tigung der Stromversorgung f\u00fcr jede der 24 Steckdosen sowie den Status der Netzwerkverbindung.<\/p>\n<p>F\u00fcr eine verbesserte Konnektivit\u00e4t und Verwaltung verf\u00fcgt das Ger\u00e4t \u00fcber mehrere Anschl\u00fcsse:<\/p>\n<ul>\n<li><strong>NET-Anschluss:<\/strong>\u00a0F\u00fcr den prim\u00e4ren TCP\/IP-Netzwerkzugang.<\/li>\n<li><strong>SER-Anschluss:<\/strong>\u00a0Ein serieller Konsolenanschluss f\u00fcr direkte Out-of-Band-Verwaltung und Erstkonfiguration.<\/li>\n<li><strong>IN\/OUT-Anschl\u00fcsse:<\/strong>\u00a0Diese Anschl\u00fcsse erm\u00f6glichen die Verkettung mehrerer PDUs, wodurch wertvolle Netzwerk-Switch-Anschl\u00fcsse eingespart und die Kabelverwaltung vereinfacht wird. Sie k\u00f6nnen auch verwendet werden, um optionale Umgebungssensoren wie Temperatur- und Feuchtigkeitssonden anzuschlie\u00dfen, um noch mehr wichtige Daten \u00fcber die Rack-Umgebung zu sammeln.<\/li>\n<\/ul>\n<p>Mit einem\u00a0<strong>3 Jahre Garantie<\/strong>\u00a0und\u00a0<strong>CE-, ROHS- und SAA-Zertifizierungen<\/strong>ist diese PDU ein Beweis f\u00fcr Qualit\u00e4t, Sicherheit und Zuverl\u00e4ssigkeit. Sie ist die endg\u00fcltige Wahl f\u00fcr jedes Unternehmen, das eine robuste, intelligente und skalierbare Stromverteilung zur Unterst\u00fctzung seiner unternehmenskritischen Infrastruktur ben\u00f6tigt.<\/p>","protected":false},"excerpt":{"rendered":"<div class=\"model-prompt-container\" data-turn-role=\"Model\">\n<div class=\"turn-content\">\n<p class=\"ng-star-inserted\"><span class=\"ng-star-inserted\">Diese intelligente Stromverteilungseinheit mit hoher Kapazit\u00e4t (150 A) bietet 24 Steckdosen f\u00fcr Ihr Server-Rack. Sie k\u00f6nnen die einzelnen Steckdosen \u00fcber das Netzwerk fern\u00fcberwachen und steuern. Der \u00fcbersichtliche LCD-Bildschirm zeigt Spannung, Strom und Stromverbrauch in Echtzeit an und sorgt so f\u00fcr effizientes Strommanagement und Zuverl\u00e4ssigkeit.<\/span><\/p>\n<div class=\"turn-information ng-star-inserted\"><\/div>\n<\/div>\n<\/div>\n<div class=\"turn-footer ng-star-inserted\"><\/div>","protected":false},"featured_media":1383,"template":"","meta":{"_kad_post_transparent":"default","_kad_post_title":"","_kad_post_layout":"default","_kad_post_sidebar_id":"","_kad_post_content_style":"default","_kad_post_vertical_padding":"default","_kad_post_feature":"","_kad_post_feature_position":"","_kad_post_header":false,"_kad_post_footer":false},"product_brand":[],"product_cat":[81],"product_tag":[202,198,193],"class_list":{"0":"post-1381","1":"product","2":"type-product","3":"status-publish","4":"has-post-thumbnail","6":"product_cat-smart-power-distribution-units","7":"product_tag-rack-mount-pdu","8":"product_tag-remote-power-management","9":"product_tag-smart-power-distribution-unit","11":"first","12":"instock","13":"shipping-taxable","14":"product-type-simple","15":"entry","16":"content-bg","17":"loop-entry"},"_links":{"self":[{"href":"https:\/\/24smartcharge.com\/de\/wp-json\/wp\/v2\/product\/1381","targetHints":{"allow":["GET"]}}],"collection":[{"href":"https:\/\/24smartcharge.com\/de\/wp-json\/wp\/v2\/product"}],"about":[{"href":"https:\/\/24smartcharge.com\/de\/wp-json\/wp\/v2\/types\/product"}],"wp:featuredmedia":[{"embeddable":true,"href":"https:\/\/24smartcharge.com\/de\/wp-json\/wp\/v2\/media\/1383"}],"wp:attachment":[{"href":"https:\/\/24smartcharge.com\/de\/wp-json\/wp\/v2\/media?parent=1381"}],"wp:term":[{"taxonomy":"product_brand","embeddable":true,"href":"https:\/\/24smartcharge.com\/de\/wp-json\/wp\/v2\/product_brand?post=1381"},{"taxonomy":"product_cat","embeddable":true,"href":"https:\/\/24smartcharge.com\/de\/wp-json\/wp\/v2\/product_cat?post=1381"},{"taxonomy":"product_tag","embeddable":true,"href":"https:\/\/24smartcharge.com\/de\/wp-json\/wp\/v2\/product_tag?post=1381"}],"curies":[{"name":"wp","href":"https:\/\/api.w.org\/{rel}","templated":true}]}}