{"id":1307,"date":"2025-08-06T09:41:54","date_gmt":"2025-08-06T09:41:54","guid":{"rendered":"https:\/\/24smartcharge.com\/?post_type=product&#038;p=1307"},"modified":"2025-08-06T10:13:22","modified_gmt":"2025-08-06T10:13:22","slug":"3-phase-63a-smart-power-distribution-unit-w-12-sockets","status":"publish","type":"product","link":"https:\/\/24smartcharge.com\/de\/3-phase-63a-smart-power-distribution-unit-w-12-sockets\/","title":{"rendered":"3-Phasen 63A Smart Power Distribution Einheit"},"content":{"rendered":"<h1 id=\"unleashing-next-generation-power-management-the-3-phase-63a-smart-power-distribution-unit\">Entfesseln Sie die Energieverwaltung der n\u00e4chsten Generation: Die 3-Phasen 63A Smart Power Distribution Unit<\/h1>\n<p>In den heutigen High-Density-Computer- und Industrieumgebungen ist Strom mehr als nur ein Hilfsmittel; er ist das Lebenselixier f\u00fcr gesch\u00e4ftskritische Vorg\u00e4nge. Die Nachfrage nach einer zuverl\u00e4ssigen, effizienten und intelligenten Stromverteilung war noch nie so gro\u00df wie heute. Standardsteckdosenleisten reichen nicht mehr aus, um die Herausforderungen moderner Rechenzentren, Serverr\u00e4ume und Industrieanlagen zu erf\u00fcllen. Dies erfordert eine fortschrittlichere L\u00f6sung - ein Ger\u00e4t, das nicht nur Strom mit hoher Kapazit\u00e4t liefert, sondern auch die Intelligenz besitzt, diesen effektiv zu verwalten.<\/p>\n<p>Wir stellen die endg\u00fcltige L\u00f6sung f\u00fcr Umgebungen mit hohem Strombedarf vor: den\u00a0<strong>3-Phasen 63A Smart Power Distribution Unit (PDU)<\/strong>. Diese auf Leistung, Zuverl\u00e4ssigkeit und detaillierte Steuerung ausgelegte PDU ist ein strategischer Vorteil f\u00fcr jedes Unternehmen, das auf kontinuierliche Betriebszeit angewiesen ist. Sie kombiniert nahtlos eine robuste Stromversorgung mit ausgefeilten \u00dcberwachungs- und Verwaltungsfunktionen, so dass Sie die vollst\u00e4ndige Kontrolle \u00fcber Ihre Stromversorgungsinfrastruktur haben.<\/p>\n<h3 id=\"-key-features-and-capabilities-\"><strong>Hauptmerkmale und Funktionen<\/strong><\/h3>\n<h4 id=\"-unmatched-3-phase-power-capacity-\"><strong>Unerreichte 3-Phasen-Leistungskapazit\u00e4t<\/strong><\/h4>\n<p>Das Herzst\u00fcck dieses intelligenten Stromverteilers ist seine enorme Belastbarkeit. Das Ger\u00e4t ist f\u00fcr den Betrieb an einem 3-phasigen Stromeingang mit einem Spannungsbereich von 380V bis 415V und einem beachtlichen Nennstrom von 63A ausgelegt und kann somit auch die anspruchsvollsten Ger\u00e4te versorgen.<\/p>\n<ul>\n<li><strong>Ausgewogene Lastverteilung:<\/strong>\u00a0Durch die Verwendung eines 3-phasigen Stromeingangs gew\u00e4hrleistet die PDU eine gleichm\u00e4\u00dfige Belastung des elektrischen Systems. Dies f\u00fchrt zu einer h\u00f6heren Effizienz, verringert das Risiko der \u00dcberlastung einer einzelnen Phase und unterst\u00fctzt eine h\u00f6here Gesamtleistungsdichte innerhalb eines einzelnen Racks.<\/li>\n<li><strong>Leistungsstarker Output:<\/strong>\u00a0Mit einer Gesamtkapazit\u00e4t von 63 A eignet sich dieses Ger\u00e4t perfekt f\u00fcr Racks, die mit Hochleistungsservern, Blade-Geh\u00e4usen, Netzwerk-Switches und gro\u00dfen Speicher-Arrays gef\u00fcllt sind. Das strapazierf\u00e4hige Eingangsstromkabel ist f\u00fcr eine sichere, festverdrahtete Verbindung ausgelegt und garantiert eine stabile und zuverl\u00e4ssige Stromquelle aus dem Schaltschrank Ihrer Einrichtung.<\/li>\n<\/ul>\n<h4 id=\"-advanced-outlet-configuration-for-modern-hardware-\"><strong>Erweiterte Ausgangskonfiguration f\u00fcr moderne Hardware<\/strong><\/h4>\n<p>Diese Smart Power Distribution Unit ist mit 12 leistungsstarken IEC C19-Steckdosen ausgestattet. Die C19-Steckdose ist der Industriestandard f\u00fcr leistungsstarke IT-Hardware in Unternehmen und gew\u00e4hrleistet die Kompatibilit\u00e4t mit einer Vielzahl von Ger\u00e4ten, die den Grenzen der herk\u00f6mmlichen C13-Steckdosen entwachsen sind.<\/p>\n<p>Die 12 Ausg\u00e4nge sind auf intelligente Weise in drei verschiedene B\u00e4nke (mit A, B und C bezeichnet) aufgeteilt. Jede Bank, die vier C19-Steckdosen enth\u00e4lt, ist mit einer der drei Eingangsphasen verbunden. Diese logische Gruppierung vereinfacht den Lastausgleich und das Kabelmanagement und erm\u00f6glicht es Administratoren, stromintensive Ger\u00e4te einfach auf die Phasen zu verteilen, um die Systemstabilit\u00e4t zu gew\u00e4hrleisten.<\/p>\n<h4 id=\"-intelligent-at-the-rack-and-remote-management-\"><strong>Intelligentes At-the-Rack- und Remote-Management<\/strong><\/h4>\n<p>Das \"smart\" in dieser PDU bezieht sich auf die umfassenden \u00dcberwachungs- und Verwaltungsfunktionen, die sowohl lokal als auch aus der Ferne zug\u00e4nglich sind.<\/p>\n<ul>\n<li><strong>Vor-Ort-\u00dcberwachung:<\/strong>\u00a0Ein kristallklarer, hintergrundbeleuchteter LCD-Bildschirm ist direkt in das Geh\u00e4use integriert. Diese Schnittstelle erm\u00f6glicht den sofortigen Zugriff auf kritische Stromkennzahlen im Rack. Techniker k\u00f6nnen sofort wichtige Statistiken wie die Spannung auf jeder Phase, die Gesamtstromaufnahme und den Strom f\u00fcr jede der drei Stromkreisb\u00e4nke anzeigen. So wird das R\u00e4tselraten bei der Installation und Fehlersuche \u00fcberfl\u00fcssig, denn die Daten stehen in Echtzeit dort zur Verf\u00fcgung, wo sie am dringendsten ben\u00f6tigt werden.<\/li>\n<li><strong>Umfassende Fernsteuerung:<\/strong>\u00a0\u00dcber den integrierten Ethernet-Anschluss k\u00f6nnen Sie eine ganze Reihe leistungsstarker Fernverwaltungsfunktionen nutzen. Wenn Sie den Smart Power Distribution Unit an Ihr Netzwerk anschlie\u00dfen, k\u00f6nnen Sie Ihre Strominfrastruktur von jedem Ort der Welt aus \u00fcberwachen und verwalten. \u00dcber einen Standard-Webbrowser oder Netzwerkmanagementprotokolle wie SNMP k\u00f6nnen Administratoren:\n<ul>\n<li><strong>Stromverbrauch der Strecke:<\/strong>\u00a0\u00dcberwachen Sie den Stromverbrauch in Echtzeit, um Trends zu erkennen, die Energieeffizienz zu optimieren und den zuk\u00fcnftigen Kapazit\u00e4tsbedarf genau zu planen.<\/li>\n<li><strong>Proaktive Warnungen einstellen:<\/strong>\u00a0Konfigurieren Sie benutzerdefinierte Schwellenwerte f\u00fcr Strom, Spannung und Leistung. Wenn diese Schwellenwerte \u00fcberschritten werden, kann die PDU automatisch Warnmeldungen per E-Mail oder SNMP-Traps senden, sodass Sie potenzielle Probleme wie \u00dcberlastungen beheben k\u00f6nnen, bevor sie zu Ausfallzeiten f\u00fchren.<\/li>\n<li><strong>Verbessern Sie die Betriebszeit:<\/strong>\u00a0Die Fern\u00fcberwachung erm\u00f6glicht die fr\u00fchzeitige Erkennung von Stromanomalien und verschafft Ihnen die n\u00f6tige Zeit, um zu reagieren und die Betriebskontinuit\u00e4t aufrechtzuerhalten.<\/li>\n<\/ul>\n<\/li>\n<\/ul>\n<h4 id=\"-uncompromising-reliability-and-protection-\"><strong>Kompromisslose Verl\u00e4sslichkeit und Schutz<\/strong><\/h4>\n<p>Betriebszeit und Sicherheit sind in kritischen Umgebungen von gr\u00f6\u00dfter Bedeutung. Diese intelligente Stromverteilungseinheit ist mit mehreren Schutzschichten ausgestattet, um Ihre wertvollen Ger\u00e4te zu sch\u00fctzen.<\/p>\n<ul>\n<li><strong>Phasenspezifische Stromkreisunterbrecher:<\/strong>\u00a0Das Ger\u00e4t ist mit drei robusten hydraulisch-magnetischen Schutzschaltern der Marke Nader ausgestattet, einer f\u00fcr jede der drei Ausgangsreihen. Im Falle einer Strom\u00fcberlastung in einer Bank wird nur der entsprechende Schalter ausgel\u00f6st. Dadurch wird der Fehler isoliert, so dass die Ger\u00e4te in den beiden anderen B\u00e4nken voll funktionsf\u00e4hig bleiben. Dieser granulare Schutz ist der Konstruktion mit nur einem Schalter weit \u00fcberlegen und verhindert, dass ein lokales Problem einen rackweiten Ausfall verursacht.<\/li>\n<li><strong>Industrietaugliche Konstruktion:<\/strong>\u00a0Diese in einem robusten Ganzmetallgeh\u00e4use untergebrachte PDU ist f\u00fcr die harten Bedingungen in Industrie- und Rechenzentrumsumgebungen ausgelegt. Die robuste Konstruktion gew\u00e4hrleistet Langlebigkeit und sch\u00fctzt die hochentwickelte interne Elektronik vor physischen Sch\u00e4den.<\/li>\n<\/ul>\n<h3 id=\"-ideal-applications-\"><strong>Ideale Anwendungen<\/strong><\/h3>\n<p>Die Vielseitigkeit und Leistungsf\u00e4higkeit dieses\u00a0<strong>Intelligente Stromverteilungseinheit<\/strong>\u00a0machen ihn zur idealen Wahl f\u00fcr eine breite Palette anspruchsvoller Anwendungen:<\/p>\n<ul>\n<li><strong>Rechenzentren und Kolokationseinrichtungen:<\/strong>\u00a0Perfekt f\u00fcr die Verteilung, Verwaltung und \u00dcberwachung der Stromversorgung von Server- und Netzwerk-Racks, um sowohl die Betriebszeit als auch die Energieeffizienz zu maximieren.<\/li>\n<li><strong>Hochleistungsrechnen (High-Performance Computing, HPC):<\/strong>\u00a0Liefert zuverl\u00e4ssig die immense Leistung, die von Supercomputing-Clustern f\u00fcr wissenschaftliche Forschung, KI-Modellierung und Big-Data-Analysen ben\u00f6tigt wird.<\/li>\n<li><strong>Industrie und Fertigung:<\/strong>\u00a0Bietet einen zuverl\u00e4ssigen Strom- und \u00dcberlastungsschutz f\u00fcr Automatisierungssysteme, Schalttafeln und andere wichtige Maschinen in der Fabrikhalle.<\/li>\n<li><strong>Telekommunikationsknotenpunkte:<\/strong>\u00a0Stellt sicher, dass wichtige Netzinfrastrukturen, von Routern bis hin zu Switches, mit einer stabilen und kontinuierlich \u00fcberwachten Stromversorgung versorgt werden.<\/li>\n<li><strong>Sch\u00fcrfen von Kryptow\u00e4hrungen:<\/strong>\u00a0Effiziente Stromversorgung und Schutz f\u00fcr dichte Installationen von Mining-Rigs mit hoher Leistung, bei denen das Energiemanagement der Schl\u00fcssel zur Rentabilit\u00e4t ist.<\/li>\n<\/ul>\n<p>&nbsp;<\/p>","protected":false},"excerpt":{"rendered":"<div class=\"chat-container\">\n<div class=\"chat-view-container ng-star-inserted\">\n<div>\n<div class=\"chat-turn-container model render cdk-focused cdk-mouse-focused\" tabindex=\"-1\">\n<div class=\"model-prompt-container\" data-turn-role=\"Model\">\n<div class=\"turn-content\">\n<p class=\"ng-star-inserted\"><span class=\"ng-star-inserted\">Diese 3-Phasen 63A Smart Power Distribution Unit bietet ein fortschrittliches Strommanagement. Sie verf\u00fcgt \u00fcber 12 C19-Steckdosen, die in drei B\u00e4nke unterteilt sind und jeweils durch einen eigenen Schutzschalter gesch\u00fctzt werden. Die integrierte LCD-Anzeige und der Ethernet-Anschluss erm\u00f6glichen eine einfache lokale und Fern\u00fcberwachung und -steuerung Ihrer kritischen Ger\u00e4te.<\/span><\/p>\n<div class=\"turn-information ng-star-inserted\"><\/div>\n<\/div>\n<\/div>\n<div class=\"turn-footer ng-star-inserted\"><\/div>\n<\/div>\n<\/div>\n<\/div>\n<\/div>\n<footer class=\"not-zero-state ng-star-inserted\">\n<div class=\"mat-mdc-tooltip-trigger prompt-input-wrapper\">\n<div>\n<div class=\"prompt-input-wrapper-container\">\n<div class=\"text-wrapper\">\n<section class=\"text-and-attachments-wrapper\">\n<div class=\"text-input-wrapper\"><\/div>\n<\/section>\n<\/div>\n<\/div>\n<\/div>\n<\/div>\n<\/footer>","protected":false},"featured_media":1308,"template":"","meta":{"_kad_post_transparent":"default","_kad_post_title":"","_kad_post_layout":"default","_kad_post_sidebar_id":"","_kad_post_content_style":"default","_kad_post_vertical_padding":"default","_kad_post_feature":"","_kad_post_feature_position":"","_kad_post_header":false,"_kad_post_footer":false},"product_brand":[],"product_cat":[81],"product_tag":[171,194,193],"class_list":{"0":"post-1307","1":"product","2":"type-product","3":"status-publish","4":"has-post-thumbnail","6":"product_cat-smart-power-distribution-units","7":"product_tag-3-phase-pdu","8":"product_tag-63a-rack-pdu","9":"product_tag-smart-power-distribution-unit","11":"first","12":"instock","13":"shipping-taxable","14":"product-type-simple","15":"entry","16":"content-bg","17":"loop-entry"},"_links":{"self":[{"href":"https:\/\/24smartcharge.com\/de\/wp-json\/wp\/v2\/product\/1307","targetHints":{"allow":["GET"]}}],"collection":[{"href":"https:\/\/24smartcharge.com\/de\/wp-json\/wp\/v2\/product"}],"about":[{"href":"https:\/\/24smartcharge.com\/de\/wp-json\/wp\/v2\/types\/product"}],"wp:featuredmedia":[{"embeddable":true,"href":"https:\/\/24smartcharge.com\/de\/wp-json\/wp\/v2\/media\/1308"}],"wp:attachment":[{"href":"https:\/\/24smartcharge.com\/de\/wp-json\/wp\/v2\/media?parent=1307"}],"wp:term":[{"taxonomy":"product_brand","embeddable":true,"href":"https:\/\/24smartcharge.com\/de\/wp-json\/wp\/v2\/product_brand?post=1307"},{"taxonomy":"product_cat","embeddable":true,"href":"https:\/\/24smartcharge.com\/de\/wp-json\/wp\/v2\/product_cat?post=1307"},{"taxonomy":"product_tag","embeddable":true,"href":"https:\/\/24smartcharge.com\/de\/wp-json\/wp\/v2\/product_tag?post=1307"}],"curies":[{"name":"wp","href":"https:\/\/api.w.org\/{rel}","templated":true}]}}