{"id":1060,"date":"2025-08-05T01:31:19","date_gmt":"2025-08-05T01:31:19","guid":{"rendered":"https:\/\/24smartcharge.com\/?post_type=product&#038;p=1060"},"modified":"2025-08-15T08:10:32","modified_gmt":"2025-08-15T08:10:32","slug":"uv-c-sanitizing-charging-cabinet-for-10-devices","status":"publish","type":"product","link":"https:\/\/24smartcharge.com\/de\/uv-c-sanitizing-charging-cabinet-for-10-devices\/","title":{"rendered":"UV-C-Sanitizing-Ladekabine f\u00fcr 10 Ger\u00e4te"},"content":{"rendered":"<h3 id=\"-user-friendly-touch-control-user-interface-\"><strong>Benutzerfreundliche Touch-Control-Benutzeroberfl\u00e4che<\/strong><\/h3>\n<p>Der Abrechnungs-Ladeschrank verf\u00fcgt \u00fcber ein benutzerfreundliches elektronisches Touch-Bedienfeld, das die vollst\u00e4ndige Kontrolle \u00fcber die Sanitisationszyklen bietet. Auf dem \u00fcbersichtlichen, modernen Display kann der Benutzer schnell einen Sanitisationsprozess starten, die Zyklusdauer anpassen und den Fortschritt auf einen Blick \u00fcberwachen.<\/p>\n<p>Sie k\u00f6nnen den Desinfektionszyklus an Ihre Anforderungen anpassen, egal ob Sie eine schnelle Reinigung oder eine umfassende Desinfektion w\u00fcnschen. Passen Sie einfach die Zykluszeit an, je nachdem, wie h\u00e4ufig Sie das Ger\u00e4t verwenden und welcher Grad an Sauberkeit erforderlich ist. Einmal eingestellt, k\u00f6nnen Sie das Ger\u00e4t seine Arbeit tun lassen und sicherstellen, dass Ihre Ger\u00e4te immer sterilisiert und einsatzbereit sind.<\/p>\n<h3 id=\"-integrated-usb-c-charging-for-10-devices-\"><strong>Integriertes USB-C-Laden f\u00fcr 10 Ger\u00e4te<\/strong><\/h3>\n<p>Diese Ladestation desinfiziert nicht nur, sondern l\u00e4dt auch bis zu 10 Ger\u00e4te gleichzeitig \u00fcber integrierte USB-C-Ladeanschl\u00fcsse auf. Jeder Anschluss liefert eine zuverl\u00e4ssige Leistung von 45 W, sodass Ihre Ger\u00e4te sofort nach der Desinfektion einsatzbereit sind.<\/p>\n<p>Die USB-C-Ladung bietet eine schnelle und zuverl\u00e4ssige Stromversorgung, die mit verschiedenen aktuellen Ger\u00e4ten, einschlie\u00dflich Smartphones und Chromebooks, kompatibel ist. Diese Funktion stellt sicher, dass der Schrank eine kluge Investition f\u00fcr Ihr B\u00fcro oder Ihre Einrichtung ist, da er sicherlich f\u00fcr eine lange Zeit wertvoll bleiben wird.<\/p>\n<h3 id=\"-built-for-durability-and-everyday-use-\"><strong>Gebaut f\u00fcr Langlebigkeit und t\u00e4glichen Gebrauch<\/strong><\/h3>\n<p>Der Schrank ist aus erstklassigen Materialien gefertigt, die dem harten Alltagseinsatz in anspruchsvollen Umgebungen standhalten. Sein robustes Edelstahl-Innenleben garantiert Langlebigkeit, w\u00e4hrend die robuste Au\u00dfenbeschichtung Schutz vor St\u00f6\u00dfen, Kratzern und st\u00e4ndigem Gebrauch bietet.<\/p>\n<p>Mit Au\u00dfenma\u00dfen von 19,8\u2033 H x 19\u2033 B x 13,75\u2033 T ist dieser Schrank kompakt genug, um auf Theken oder Schreibtischen Platz zu finden, und dennoch ger\u00e4umig genug, um bis zu 10 Ger\u00e4te aufzunehmen, ohne sie zu \u00fcberf\u00fcllen.<\/p>\n<h3 id=\"-environmentally-friendly-and-hazard-free-performance-\"><strong>Umweltfreundliche und gefahrlose Leistung<\/strong><\/h3>\n<p>Ein wesentlicher Vorteil dieses Ladeschranks ist die chemiefreie Hygienebehandlung. Im Gegensatz zu herk\u00f6mmlichen Reinigungsmethoden mit Sprays oder T\u00fcchern hinterl\u00e4sst das UV-C-Licht keine R\u00fcckst\u00e4nde und stellt keine Gefahr f\u00fcr empfindliche elektronische Komponenten dar. Dar\u00fcber hinaus wird die Gefahr menschlicher Fehler bei der manuellen Reinigung ausgeschlossen.<\/p>\n<p>F\u00fcr zus\u00e4tzliche Sicherheit ist der Ladeschrank mit einer sicheren T\u00fcr ausgestattet, die ein Sichtfenster enth\u00e4lt, so dass der Benutzer den Prozess beobachten kann, w\u00e4hrend er vom UV-C-Licht abgeschirmt ist. Integrierte Sicherheitsfunktionen sorgen daf\u00fcr, dass die UV-C-Lampen nur dann in Betrieb sind, wenn die T\u00fcr vollst\u00e4ndig geschlossen und gesichert ist, um den Benutzer vor versehentlicher Exposition zu sch\u00fctzen.<\/p>\n<h3 id=\"-ideal-for-multiple-environments-\"><strong>Ideal f\u00fcr verschiedene Umgebungen<\/strong><\/h3>\n<p>Das UV-C Sanitizing Charging Cabinet ist vielseitig und kann in verschiedenen professionellen Umgebungen wie Schulen, Krankenh\u00e4usern, Beh\u00f6rden, Bibliotheken und Firmenb\u00fcros eingesetzt werden. Mit seiner kompakten Gr\u00f6\u00dfe und der F\u00e4higkeit, Ger\u00e4te zu desinfizieren und aufzuladen, eignet es sich f\u00fcr \u00f6ffentliche Arbeitsbereiche oder belebte Bereiche, die eine routinem\u00e4\u00dfige Desinfektion und Aufladung erfordern.<\/p>\n<ul>\n<li><strong>Klassenzimmer:<\/strong>\u00a0Sterilisieren Sie regelm\u00e4\u00dfig die Ger\u00e4te der Sch\u00fcler und schalten Sie sie ein, damit sie f\u00fcr die n\u00e4chste Unterrichtsstunde bereit sind.<\/li>\n<li><strong>Medizinische Einrichtungen:<\/strong>\u00a0Reinigen und desinfizieren Sie die vom Patienten benutzten Ger\u00e4te nach jeder Interaktion gr\u00fcndlich.<\/li>\n<li><strong>Arbeitsst\u00e4tten:<\/strong>\u00a0Sorgen Sie daf\u00fcr, dass die gemeinsam genutzten Ger\u00e4te in Konferenz- und Arbeitsbereichen sauber und voll funktionsf\u00e4hig sind.<\/li>\n<li><strong>Standorte der Gemeinschaft:<\/strong>\u00a0Bieten Sie saubere und voll aufgeladene Ger\u00e4te zur \u00f6ffentlichen Nutzung in Bibliotheken, Selbstbedienungskiosken und Kundenbetreuungszentren an.<\/li>\n<\/ul>\n<h3 id=\"-smart-power-consumption-solutions-\"><strong>Intelligente L\u00f6sungen f\u00fcr den Stromverbrauch<\/strong><\/h3>\n<p>Trotz seiner robusten Leistung verf\u00fcgt der Ladeschrank \u00fcber eine hervorragende Energieeffizienz. Mit einer Leistungsaufnahme von nur 45 W pro Ladeanschluss erf\u00fcllt er sowohl nationale als auch internationale Spannungsanforderungen und minimiert so das Risiko einer \u00dcberlastung des Stromkreises und h\u00e4lt die Energiekosten in Schach.<\/p>\n<h3 id=\"-convenience-and-mobility-\"><strong>Bequemlichkeit und Mobilit\u00e4t<\/strong><\/h3>\n<p>Dieser robuste Ladeschrank wiegt in seiner Standardform 52 Pfund und 57 Pfund, wenn er f\u00fcr den Versand verpackt ist, und bietet damit ein ausgewogenes Verh\u00e4ltnis zwischen Stabilit\u00e4t und Tragbarkeit. Sein geringes Gewicht erm\u00f6glicht einen unkomplizierten Umzug an einen anderen Standort. Dar\u00fcber hinaus wird der Schrank komplett montiert geliefert, so dass der Benutzer ihn sofort aufstellen und in Betrieb nehmen kann, ohne dass ein anspruchsvoller Installationsprozess erforderlich ist.<\/p>\n<h3 id=\"-at-a-glance-essential-information-\"><strong>Auf einen Blick: Wesentliche Informationen<\/strong><\/h3>\n<ul>\n<li><strong>Ger\u00e4tekapazit\u00e4t:<\/strong>\u00a0Bis zu 10 Ger\u00e4te<\/li>\n<li><strong>Ladeanschl\u00fcsse:<\/strong>\u00a010 x USB-C<\/li>\n<li><strong>Kompatibilit\u00e4t der Ger\u00e4te:<\/strong>\u00a0Geeignet f\u00fcr Ger\u00e4te bis zu einer Gr\u00f6\u00dfe von 10\u2033 x 12,5\u2033.<\/li>\n<li><strong>Gesamtabmessungen:<\/strong>\u00a019,8\u2033 H x 19\u2033 B x 13,75\u2033 T<\/li>\n<li><strong>Abmessungen des Gestells:<\/strong>\u00a014\u2033 B x 10\u2033 H x 12,5\u2033 T<\/li>\n<li><strong>Gewicht:<\/strong>\u00a052 lbs (57 lbs Versandgewicht)<\/li>\n<li><strong>Leistungsabgabe:<\/strong>\u00a045 W pro Anschluss (geeignet f\u00fcr den US-amerikanischen und internationalen Einsatz)<\/li>\n<li><strong>Materialien:<\/strong>\u00a0Innen aus Edelstahl, au\u00dfen mit dauerhafter Beschichtung<\/li>\n<li><strong>Desinfektion:<\/strong>\u00a0360-Grad-UV-C-Licht-Desinfektion<\/li>\n<\/ul>","protected":false},"excerpt":{"rendered":"<div class=\"model-prompt-container\" data-turn-role=\"Model\">\n<div class=\"turn-content\">\n<p class=\"ng-star-inserted\"><span class=\"ng-star-inserted\">Dieser vielseitige Ladeschrank nutzt keimt\u00f6tendes 360\u00b0-UV-C-Licht, um bis zu 10 elektronische Ger\u00e4te wie Laptops und Tablets sicher zu desinfizieren, w\u00e4hrend sie \u00fcber einen integrierten USB-C-Hub geladen werden. Seine anpassungsf\u00e4higen Gestelle aus medizinischem Stahl machen ihn zu einer einfachen, chemiefreien L\u00f6sung f\u00fcr jeden Arbeitsplatz.<\/span><\/p>\n<div class=\"turn-information ng-star-inserted\"><\/div>\n<\/div>\n<\/div>\n<div class=\"turn-footer ng-star-inserted\"><\/div>","protected":false},"featured_media":2400,"template":"","meta":{"_kad_post_transparent":"default","_kad_post_title":"","_kad_post_layout":"default","_kad_post_sidebar_id":"","_kad_post_content_style":"default","_kad_post_vertical_padding":"default","_kad_post_feature":"","_kad_post_feature_position":"","_kad_post_header":false,"_kad_post_footer":false},"product_brand":[],"product_cat":[91],"product_tag":[122,153,152],"class_list":{"0":"post-1060","1":"product","2":"type-product","3":"status-publish","4":"has-post-thumbnail","6":"product_cat-charging-cabinets","7":"product_tag-charging-cabinet","8":"product_tag-device-disinfection","9":"product_tag-uv-c-sanitization","11":"first","12":"instock","13":"shipping-taxable","14":"product-type-simple","15":"entry","16":"content-bg","17":"loop-entry"},"_links":{"self":[{"href":"https:\/\/24smartcharge.com\/de\/wp-json\/wp\/v2\/product\/1060","targetHints":{"allow":["GET"]}}],"collection":[{"href":"https:\/\/24smartcharge.com\/de\/wp-json\/wp\/v2\/product"}],"about":[{"href":"https:\/\/24smartcharge.com\/de\/wp-json\/wp\/v2\/types\/product"}],"wp:featuredmedia":[{"embeddable":true,"href":"https:\/\/24smartcharge.com\/de\/wp-json\/wp\/v2\/media\/2400"}],"wp:attachment":[{"href":"https:\/\/24smartcharge.com\/de\/wp-json\/wp\/v2\/media?parent=1060"}],"wp:term":[{"taxonomy":"product_brand","embeddable":true,"href":"https:\/\/24smartcharge.com\/de\/wp-json\/wp\/v2\/product_brand?post=1060"},{"taxonomy":"product_cat","embeddable":true,"href":"https:\/\/24smartcharge.com\/de\/wp-json\/wp\/v2\/product_cat?post=1060"},{"taxonomy":"product_tag","embeddable":true,"href":"https:\/\/24smartcharge.com\/de\/wp-json\/wp\/v2\/product_tag?post=1060"}],"curies":[{"name":"wp","href":"https:\/\/api.w.org\/{rel}","templated":true}]}}