{"id":1007,"date":"2025-08-04T09:17:13","date_gmt":"2025-08-04T09:17:13","guid":{"rendered":"https:\/\/24smartcharge.com\/?post_type=product&#038;p=1007"},"modified":"2025-08-18T03:17:05","modified_gmt":"2025-08-18T03:17:05","slug":"plus-series-secure-mobile-charging-cart-for-36-devices","status":"publish","type":"product","link":"https:\/\/24smartcharge.com\/de\/plus-series-secure-mobile-charging-cart-for-36-devices\/","title":{"rendered":"Sichere mobile Ladestation der Plus-Serie f\u00fcr 36 Ger\u00e4te"},"content":{"rendered":"<h3 id=\"advanced-intelligent-charging-system\">Fortschrittliches intelligentes Ladesystem<\/h3>\n<p>Das Herzst\u00fcck dieser Ladestation ist das fortschrittliche intelligente Ladesystem. Es handelt sich nicht um eine einfache Steckdosenleiste in einer Box, sondern um ein ausgekl\u00fcgeltes System zur Optimierung des Ladevorgangs f\u00fcr alle angeschlossenen Ger\u00e4te.<\/p>\n<ul>\n<li><strong>Intelligente Energieverteilung:<\/strong>\u00a0Die intelligente Ladetechnologie analysiert auf intelligente Weise den Energiebedarf jedes einzelnen Ger\u00e4ts und priorisiert die Ger\u00e4te mit dem niedrigsten Akkustand, um sicherzustellen, dass sie so schnell wie m\u00f6glich auf eine nutzbare Ladung gebracht werden. Diese intelligente Energieverteilung verhindert das h\u00e4ufige Szenario, dass einige Ger\u00e4te voll aufgeladen werden, w\u00e4hrend andere entladen bleiben. Durch den ausgeglichenen Stromfluss stellt das System sicher, dass alle 36 Ger\u00e4te effizient und sicher eine 100%-Ladung erreichen.<\/li>\n<li><strong>Zeiteffizienz:<\/strong>\u00a0Dies ist besonders wichtig in Umgebungen, in denen Zeit eine wichtige Rolle spielt, z. B. in Schulen zwischen den Unterrichtsstunden oder in Unternehmen, die sich auf eine Reihe von Sitzungen vorbereiten. Die Effizienz des Ladevorgangs kann wertvolle Zeit freisetzen, sch\u00e4tzungsweise fast 45% weniger Zeit f\u00fcr das Aufladen.<\/li>\n<li><strong>Ger\u00e4teschutz:<\/strong>\u00a0Das System ist so konzipiert, dass es vor Stromst\u00f6\u00dfen und \u00dcberlastungen sch\u00fctzt, was bei der Verwaltung einer hohen Dichte an wertvollen elektronischen Ger\u00e4ten von entscheidender Bedeutung ist. Integrierte Schutzschalter und Sensoren \u00fcberwachen die Stromzufuhr und sch\u00fctzen die Ger\u00e4te vor m\u00f6glichen Sch\u00e4den durch elektrische Unregelm\u00e4\u00dfigkeiten.<img fetchpriority=\"high\" decoding=\"async\" class=\"size-full wp-image-2766\" src=\"https:\/\/24smartcharge.com\/wp-content\/uploads\/2025\/08\/Plus-Series-Secure-Mobile-Charging-Cart-for-36-Devices-1.jpg\" alt=\"Sichere mobile Ladestation der Plus-Serie f\u00fcr 36 Ger\u00e4te\" width=\"1000\" height=\"1000\" srcset=\"https:\/\/24smartcharge.com\/wp-content\/uploads\/2025\/08\/Plus-Series-Secure-Mobile-Charging-Cart-for-36-Devices-1.jpg 1000w, https:\/\/24smartcharge.com\/wp-content\/uploads\/2025\/08\/Plus-Series-Secure-Mobile-Charging-Cart-for-36-Devices-1-300x300.jpg 300w, https:\/\/24smartcharge.com\/wp-content\/uploads\/2025\/08\/Plus-Series-Secure-Mobile-Charging-Cart-for-36-Devices-1-150x150.jpg 150w, https:\/\/24smartcharge.com\/wp-content\/uploads\/2025\/08\/Plus-Series-Secure-Mobile-Charging-Cart-for-36-Devices-1-768x768.jpg 768w, https:\/\/24smartcharge.com\/wp-content\/uploads\/2025\/08\/Plus-Series-Secure-Mobile-Charging-Cart-for-36-Devices-1-12x12.jpg 12w, https:\/\/24smartcharge.com\/wp-content\/uploads\/2025\/08\/Plus-Series-Secure-Mobile-Charging-Cart-for-36-Devices-1-600x600.jpg 600w, https:\/\/24smartcharge.com\/wp-content\/uploads\/2025\/08\/Plus-Series-Secure-Mobile-Charging-Cart-for-36-Devices-1-100x100.jpg 100w\" sizes=\"(max-width: 1000px) 100vw, 1000px\" \/><\/li>\n<\/ul>\n<h3 id=\"robust-security-and-protection\">Robuste Sicherheit und Schutz<\/h3>\n<p>Die Sicherheit ist ein Eckpfeiler des Designs dieses Ladewagens, da eine Flotte von 36 Ger\u00e4ten eine erhebliche Investition darstellt.<\/p>\n<ul>\n<li><strong>Langlebige Konstruktion:<\/strong>\u00a0Der aus hochwertigem, haltbarem Stahl gefertigte Wagen bietet eine beeindruckende physische Barriere gegen Diebstahl und unbefugten Zugriff. Die Ganzstahlkonstruktion gew\u00e4hrleistet Strapazierf\u00e4higkeit und Langlebigkeit und h\u00e4lt den t\u00e4glichen Belastungen in gesch\u00e4ftigen Umgebungen stand.<\/li>\n<li><strong>Fortschrittlicher Verriegelungsmechanismus:<\/strong>\u00a0Die vorderen und hinteren T\u00fcren sind mit einer 3-Punkt-Verriegelung ausgestattet, die im Vergleich zu herk\u00f6mmlichen Ein-Punkt-Verriegelungen ein h\u00f6heres Ma\u00df an Sicherheit bietet. Dieses robuste Verriegelungssystem sorgt daf\u00fcr, dass die T\u00fcren an mehreren Punkten gesichert sind, was sie deutlich widerstandsf\u00e4higer gegen ein Aufhebeln macht.<\/li>\n<li><strong>Verbesserte Sicherheitsoptionen:<\/strong>\u00a0Als zus\u00e4tzliche Sicherheitsma\u00dfnahme bietet der Wagen die M\u00f6glichkeit, ein pers\u00f6nliches Vorh\u00e4ngeschloss anzubringen, das einen individuellen und erweiterten Schutz bietet. Diese doppelte Verriegelung gibt Ihnen die Gewissheit, dass die Ger\u00e4te sicher aufbewahrt werden, egal ob \u00fcber Nacht oder in Zeiten, in denen sie nicht benutzt werden.<\/li>\n<li><strong>Komponente Sicherheit:<\/strong>\u00a0Das durchdachte Design erstreckt sich auch auf die Trennung des Stauraums f\u00fcr die Ger\u00e4te vom Bereich f\u00fcr das Netzteil, die beide abschlie\u00dfbar sind, um nicht nur den Diebstahl der Ger\u00e4te selbst, sondern auch ihrer wichtigen Ladekomponenten zu verhindern.<\/li>\n<\/ul>\n<h3 id=\"exceptional-mobility-and-user-convenience\">Au\u00dfergew\u00f6hnliche Mobilit\u00e4t und Benutzerfreundlichkeit<\/h3>\n<p>Neben den Hauptfunktionen des Aufladens und der Sicherheit ist dieser Ladewagen f\u00fcr herausragende Mobilit\u00e4t und Benutzerfreundlichkeit konzipiert. Da der Bedarf an aufgeladenen Ger\u00e4ten oft nicht auf einen einzigen Raum beschr\u00e4nkt ist, ist der Wagen mit Funktionen ausgestattet, die einen m\u00fchelosen Transport und Gebrauch erm\u00f6glichen.<\/p>\n<ul>\n<li><strong>Reibungsloser Transport:<\/strong>\u00a0Der Wagen ist mit gro\u00dfen, hochbelastbaren Lenkrollen ausgestattet. Diese spurlosen Gummir\u00e4der sind so konstruiert, dass sie problemlos \u00fcber verschiedene Bodenbel\u00e4ge gleiten, von Fliesen und Holz bis hin zu Teppichb\u00f6den, und machen es einfach, die gesamte Ger\u00e4teflotte von einem zentralen Lagerort zu einzelnen Klassenzimmern, Konferenzr\u00e4umen oder Schulungseinrichtungen zu transportieren.<\/li>\n<li><strong>Sicherheit und Stabilit\u00e4t:<\/strong>\u00a0Ein wichtiges Sicherheitsmerkmal sind die Feststellbremsen an den R\u00e4dern, die daf\u00fcr sorgen, dass der Wagen sicher an seinem Platz bleibt, sobald er sein Ziel erreicht hat.<\/li>\n<li><strong>Ergonomisches Design:<\/strong>\u00a0Der ergonomische Griff mit breitem Griff erm\u00f6glicht eine bequeme und sichere Steuerung des Wagens, selbst bei voller Beladung.<\/li>\n<li><strong>Sch\u00fctzende Merkmale:<\/strong>\u00a0Um sowohl den Wagen als auch die Umgebung zu sch\u00fctzen, ist er mit Eckschutzpuffern ausgestattet. Diese Sto\u00dfd\u00e4mpfer absorbieren St\u00f6\u00dfe und verhindern Schrammen und Kratzer an W\u00e4nden, T\u00fcren und M\u00f6beln.<\/li>\n<li><strong>Raumeffizienz:<\/strong>\u00a0Die Gesamtfl\u00e4che des Wagens ist erstaunlich kompakt und nimmt \u00e4hnlich viel Platz ein wie ein Standard-A\/V-Wagen, was ihn zu einer platzsparenden L\u00f6sung f\u00fcr jeden Raum macht.<\/li>\n<\/ul>\n<h3 id=\"efficient-cable-and-device-management\">Effizientes Kabel- und Ger\u00e4temanagement<\/h3>\n<p>Ein effektives Kabelmanagement ist ein oft \u00fcbersehener, aber entscheidender Aspekt jeder Ladel\u00f6sung f\u00fcr mehrere Ger\u00e4te. Dieser Ladewagen zeichnet sich in diesem Bereich durch ein System aus, das das frustrierende und zeitraubende Kabelgewirr beseitigt.<\/p>\n<ul>\n<li><strong>Organisierte Verkabelung:<\/strong>\u00a0Das integrierte Kabelmanagement sorgt daf\u00fcr, dass alle Ladekabel ordentlich, organisiert und sicher an ihrem Platz bleiben. Im Inneren des Wagens befinden sich herausnehmbare Ger\u00e4tetrennw\u00e4nde mit integrierten Kabelf\u00fchrungsclips, die eine saubere Einrichtung erm\u00f6glichen. Dies verbessert nicht nur die Benutzerfreundlichkeit, indem es das Einstecken und Herausziehen von Ger\u00e4ten erleichtert, sondern sch\u00fctzt auch die Kabel vor Sch\u00e4den, die durch Einklemmen oder \u00fcberm\u00e4\u00dfiges Biegen verursacht werden.<\/li>\n<li><strong>Eine aufger\u00e4umte Umgebung:<\/strong>\u00a0Die Netzteile sind in einem separaten Fach untergebracht, was ebenfalls zu einer aufger\u00e4umten Umgebung beitr\u00e4gt. Dieses Designelement sorgt daf\u00fcr, dass sperrige Netzteile nicht im Weg sind, so dass der verf\u00fcgbare Platz f\u00fcr die Ger\u00e4te optimiert wird und eine angemessene Bel\u00fcftung gew\u00e4hrleistet ist.<\/li>\n<li><strong>Einfache Ger\u00e4teidentifikation:<\/strong>\u00a0Zur weiteren Erleichterung der Organisation sind die F\u00e4cher nummeriert, was die Zuweisung und Identifizierung bestimmter Ger\u00e4te vereinfacht - eine besonders n\u00fctzliche Funktion in einem Eins-zu-eins-Ger\u00e4teprogramm an einer Schule oder zur Nachverfolgung von Ger\u00e4ten in einem Unternehmen.<\/li>\n<li><strong>Unmittelbar einsatzbereit:<\/strong>\u00a0Diese sorgf\u00e4ltige Detailarbeit bei der Organisation von Kabeln und Ger\u00e4ten rationalisiert den gesamten Prozess der Verwaltung und Bereitstellung der Ger\u00e4te. Da der Wagen bereits verkabelt ist, ist er sofort einsatzbereit und erfordert nur eine minimale Einrichtung, sodass Unternehmen ihn schnell in ihren Arbeitsablauf integrieren k\u00f6nnen.<\/li>\n<\/ul>","protected":false},"excerpt":{"rendered":"<div class=\"chat-container\">\n<div class=\"chat-view-container ng-star-inserted\">\n<div>\n<div class=\"chat-turn-container model render cdk-focused cdk-mouse-focused\" tabindex=\"-1\">\n<div class=\"model-prompt-container\" data-turn-role=\"Model\">\n<div class=\"turn-content\">\n<div class=\"turn-information ng-star-inserted\">Mit diesem robusten Stahl-Ladewagen k\u00f6nnen Sie 36 Ger\u00e4te sicher aufladen und transportieren. Er verf\u00fcgt \u00fcber ein intelligentes Ladesystem f\u00fcr Effizienz und Schutz, einen 3-Punkt-Verriegelungsmechanismus f\u00fcr h\u00f6chste Sicherheit und leichtg\u00e4ngige R\u00e4der f\u00fcr m\u00fchelose Mobilit\u00e4t.<\/div>\n<\/div>\n<\/div>\n<div class=\"turn-footer ng-star-inserted\"><\/div>\n<\/div>\n<\/div>\n<\/div>\n<\/div>\n<footer class=\"not-zero-state ng-star-inserted\">\n<div class=\"mat-mdc-tooltip-trigger prompt-input-wrapper\">\n<div>\n<div class=\"prompt-input-wrapper-container\">\n<div class=\"text-wrapper\">\n<section class=\"text-and-attachments-wrapper\">\n<div class=\"text-input-wrapper\"><\/div>\n<\/section>\n<\/div>\n<\/div>\n<\/div>\n<\/div>\n<\/footer>","protected":false},"featured_media":2358,"template":"","meta":{"_kad_post_transparent":"default","_kad_post_title":"","_kad_post_layout":"default","_kad_post_sidebar_id":"","_kad_post_content_style":"default","_kad_post_vertical_padding":"default","_kad_post_feature":"","_kad_post_feature_position":"","_kad_post_header":false,"_kad_post_footer":false},"product_brand":[],"product_cat":[91],"product_tag":[115,137,141],"class_list":{"0":"post-1007","1":"product","2":"type-product","3":"status-publish","4":"has-post-thumbnail","6":"product_cat-charging-cabinets","7":"product_tag-charging-cart","8":"product_tag-device-storage","9":"product_tag-mobile-cart","11":"first","12":"instock","13":"shipping-taxable","14":"product-type-simple","15":"entry","16":"content-bg","17":"loop-entry"},"_links":{"self":[{"href":"https:\/\/24smartcharge.com\/de\/wp-json\/wp\/v2\/product\/1007","targetHints":{"allow":["GET"]}}],"collection":[{"href":"https:\/\/24smartcharge.com\/de\/wp-json\/wp\/v2\/product"}],"about":[{"href":"https:\/\/24smartcharge.com\/de\/wp-json\/wp\/v2\/types\/product"}],"wp:featuredmedia":[{"embeddable":true,"href":"https:\/\/24smartcharge.com\/de\/wp-json\/wp\/v2\/media\/2358"}],"wp:attachment":[{"href":"https:\/\/24smartcharge.com\/de\/wp-json\/wp\/v2\/media?parent=1007"}],"wp:term":[{"taxonomy":"product_brand","embeddable":true,"href":"https:\/\/24smartcharge.com\/de\/wp-json\/wp\/v2\/product_brand?post=1007"},{"taxonomy":"product_cat","embeddable":true,"href":"https:\/\/24smartcharge.com\/de\/wp-json\/wp\/v2\/product_cat?post=1007"},{"taxonomy":"product_tag","embeddable":true,"href":"https:\/\/24smartcharge.com\/de\/wp-json\/wp\/v2\/product_tag?post=1007"}],"curies":[{"name":"wp","href":"https:\/\/api.w.org\/{rel}","templated":true}]}}